{"id":687,"date":"2025-04-19T23:57:31","date_gmt":"2025-04-19T23:57:31","guid":{"rendered":"https:\/\/saham.com\/?page_id=687"},"modified":"2026-02-09T13:43:00","modified_gmt":"2026-02-09T13:43:00","slug":"qui-sommes-nous","status":"publish","type":"page","link":"https:\/\/saham.com\/fr\/qui-sommes-nous\/","title":{"rendered":"Qui sommes nous"},"content":{"rendered":"<section class=\"mb-[30px] md:mb-[70px] relative z-20\" style=\"background-color: transparent\" id=\"block_73457341668305108651796171918b01\">\n    <div class=\"relative\">\n    <div class=\"bg-cover bg-right md:bg-center flex flex-col justify-end pb-[80px] items-center h-[450px] md:h-[510px]  w-full before:h-full before:w-full before:absolute before:inset-x-0 before:bg-gradient-to-b before:from-secondary-dark\/90 before:from-30% before:to-transparent before:transition-all before:duration-200 before:ease-in-out before:z-10 hero alignfull\" x-bind:class=\"isDropdownOpened ? 'before:opacity-100 before:visible before:top-0': 'before:opacity-0 before:invisible before:-top-1\/2'\" style=\"background-image: url(https:\/\/saham.com\/app\/uploads\/2025\/04\/histoire-slider.jpg); clip-path: ellipse(102% 57% at 41% 42%); background-color: #1e73be;\">\n            <div class=\"container z-20\">\n        <div class=\"text-28px md:px-[8.333333%] mb-5 text-white text-32px font-medium\" style=\"text-align: start\"><h1>Qui sommes-nous ?<\/h1>\n<div id=\"gtx-trans\" style=\"position: absolute; left: 160px; top: 64.4312px;\">\n<div class=\"gtx-trans-icon\"><\/div>\n<\/div>\n<\/div>\n      <\/div>\n          <\/div>\n  <\/div>\n<\/section>\n\n\n<section class=\"mb-[30px] md:mb-[70px] container\" style=\"background-color: transparent\" id=\"block_a4a49c0714925e37e17c40600aa8ed97\">\n    <div class=\"flex gap-[60px] md:flex-row flex-col\">\n    <div class=\"w-full md:w-5\/12\">\n      <img decoding=\"async\" src=\"https:\/\/saham.com\/app\/uploads\/2025\/04\/mhefid-alami.jpg\" class=\"rounded-[20px] rounded-br-[100px]\">\n    <\/div>\n    <div class=\" flex flex-col w-full md:w-6\/12 gap-[60px]\">\n      <div>\n                <div class=\"wysiwyg-content text-16px mb-4 leading-[1.8rem]\">\n          <p>Fond\u00e9e en 1995 par\u00a0<a href=\"#PresidentFondateur\">Moulay Hafid ELALAMY<\/a>, Saham est une soci\u00e9t\u00e9 d\u2019investissement priv\u00e9e pr\u00e9sente \u00e0 Casablanca et Duba\u00ef. Marqu\u00e9e par un fort esprit entrepreneurial, Saham s&#8217;est d&#8217;abord d\u00e9velopp\u00e9e dans le secteur de l&#8217;assurance pour en devenir le leader sur le continent africain. En 2018, Saham a c\u00e9d\u00e9 son activit\u00e9 d\u2019assurance pour se positionner en tant qu\u2019acteur international dans divers secteurs.<\/p>\n<p>Aujourd\u2019hui, Saham poss\u00e8de un portefeuille de cinq soci\u00e9t\u00e9s. Saham a adopt\u00e9 une approche entrepreneuriale solide et visionnaire qui lui a permis de se diversifier dans des secteurs \u00e0 fort potentiel tels que les <a href=\"https:\/\/saham.com\/fr\/vue-d-ensemble\/sahambank\/\">services financiers<\/a>,\u00a0 l\u2019<a href=\"https:\/\/saham.com\/fr\/vue-d-ensemble\/experience-client-bpo\/\">exp\u00e9rience client<\/a>, l\u2019<a href=\"https:\/\/saham.com\/fr\/vue-d-ensemble\/immobilier\/\">immobilier<\/a>, l\u2019<a href=\"https:\/\/saham.com\/fr\/vue-d-ensemble\/\">\u00e9ducation<\/a>, l\u2019<a href=\"https:\/\/saham.com\/fr\/vue-d-ensemble\/agriculture\/\">agriculture<\/a>, la pharmaceutique, la sant\u00e9 et les m\u00e9dias. Par ailleurs, des partenariats strat\u00e9giques soigneusement s\u00e9lectionn\u00e9s ont contribu\u00e9 \u00e0 la r\u00e9ussite de la strat\u00e9gie de diversification de Saham.<\/p>\n<p>Saham continue d\u2019explorer de nouvelles opportunit\u00e9s d\u2019investissement dans diff\u00e9rents secteurs avec un seul mot d\u2019ordre : la cr\u00e9ation de valeur et l\u2019accompagnement des entreprises \u00e0 long terme.<\/p>\n<div id=\"gtx-trans\" style=\"position: absolute; left: 37px; top: 126px;\">\n<div class=\"gtx-trans-icon\"><\/div>\n<\/div>\n\n        <\/div>\n      <\/div>\n              <div class=\"flex flex-col md:flex-row gap-6\">\n                      <a class=\" bg-primary-dark uppercase py-2 no-underline font-medium px-8 text-white rounded-[20px] text-16px w-full md:w-1\/2 text-center\" href=\"#notre-adn\">NOTRE ADN<\/a>\n                      <a class=\" bg-primary-dark uppercase py-2 no-underline font-medium px-8 text-white rounded-[20px] text-16px w-full md:w-1\/2 text-center\" href=\"#notre-valeur\">NOTRE APPROCHE<\/a>\n                  <\/div>\n          <\/div>\n  <\/div>\n<\/section>\n\n\n\n\n<section class=\"mb-[30px] md:mb-[70px]\" style=\"background-color: transparent\" id=\"notre-adn\">\n    <div class=\"flex flex-col bg-cover bg-center bg-no-repeat pt-[100px] pb-[60px]\" style=\"background-image: url(https:\/\/saham.com\/app\/uploads\/2025\/04\/dna-bg.png)\">\n    <div class=\"w-full px-[70px] lg:px-0\">\n      <div class=\"container\">\n                <div class=\"text-white font-semibold text-23px leading-[1.2] mb-[50px] text-center\">\n          <h2 class=\"sec-title text-white\">Notre ADN<\/h2>\n<div id=\"gtx-trans\" style=\"position: absolute; left: -36px; top: 52.1125px;\">\n<div class=\"gtx-trans-icon\"><\/div>\n<\/div>\n\n        <\/div>\n                          <div class=\"splide outer-arrows\" data-splide='{\n            \"autoplay\":true,\n            \"gap\" : \"1rem\",\n            \"perPage\": 4,\n            \"breakpoints\": {\n              \"640\": {\n                \"type\": \"loop\",\n                \"perPage\": 1\n              },\n              \"768\": {\n                \"type\": \"loop\",\n                \"perPage\": 2\n              },\n              \"1024\": {\n                \"type\": \"loop\",\n                \"perPage\": 3\n              }\n            }\n          }'>\n            <div class=\"splide__track\">\n              <div class=\"splide__list\">\n                                  <div class=\"splide__slide bg-white text-primary-dark text-15px md:text-16px rounded-[20px] p-[30px] font-normal leading-[1.8rem]\"><p>Une approche multig\u00e9n\u00e9rationnelle assurant une vision long terme, avec un objectif de stabilit\u00e9 et de p\u00e9rennit\u00e9<\/p>\n<\/div>\n                                  <div class=\"splide__slide bg-white text-primary-dark text-15px md:text-16px rounded-[20px] p-[30px] font-normal leading-[1.8rem]\"><p>Un esprit entrepreneurial agile, garantissant une adaptation permanente aux changements, gr\u00e2ce \u00e0 des processus de d\u00e9cision r\u00e9fl\u00e9chis et rapides<\/p>\n<\/div>\n                                  <div class=\"splide__slide bg-white text-primary-dark text-15px md:text-16px rounded-[20px] p-[30px] font-normal leading-[1.8rem]\"><p>Une int\u00e9grit\u00e9 et une transparence comme valeurs fondamentales de toutes les activit\u00e9s constituant l\u2019\u00e9pine de la r\u00e9putation du Groupe<\/p>\n<\/div>\n                                  <div class=\"splide__slide bg-white text-primary-dark text-15px md:text-16px rounded-[20px] p-[30px] font-normal leading-[1.8rem]\"><p>Une recherche permanente de l\u2019excellence dans tous les domaines, guidant la strat\u00e9gie, la gestion et l\u2019adaptation des actions insuffl\u00e9es par le Groupe \u00e0 son management<\/p>\n<\/div>\n                              <\/div>\n            <\/div>\n          <\/div>\n              <\/div>\n    <\/div>\n  <\/div>\n<\/section>\n\n\n<section class=\"mb-[30px] md:mb-[70px]\" style=\"background-color: transparent\" id=\"notre-valeur\">\n    <div class=\"flex flex-col bg-cover bg-center bg-no-repeat pt-[100px] pb-[60px]\" style=\"background-image: url(https:\/\/saham.com\/app\/uploads\/2025\/04\/ourvalue-bg.jpg)\">\n    <div class=\"w-full px-[70px] lg:px-0\">\n      <div class=\"container\">\n                <div class=\"text-white font-semibold text-23px leading-[1.2] mb-[50px] text-center\">\n          <p><main><\/p>\n<section id=\"our-value\" class=\"imgbnr-1\">\n<div class=\"bnr-content position-absolute w-100\">\n<div class=\"container\">\n<div class=\"row align-items-end\">\n<div class=\"col-md-12 text-center\"><main><\/p>\n<section id=\"our-value\" class=\"imgbnr-1\">\n<div class=\"bnr-content position-absolute w-100\">\n<div class=\"container\">\n<div class=\"row align-items-end\">\n<div class=\"col-md-12 text-center\">\n<h2 class=\"sec-title text-white\">Notre approche de cr\u00e9ation de valeur<\/h2>\n<\/div>\n<div class=\"slides-carousel-value slick-initialized slick-slider\">\n<div class=\"slick-list draggable\">\n<div class=\"slick-track\">\n<div class=\"col-md-3- px-2 slick-slide slick-current slick-active\" tabindex=\"0\" data-slick-index=\"0\" aria-hidden=\"false\">\n<div class=\"dna-body\"><\/div>\n<\/div>\n<div class=\"col-md-3- px-2 slick-slide slick-active\" tabindex=\"0\" data-slick-index=\"3\" aria-hidden=\"false\">\n<div class=\"dna-body\">\n<p class=\"m-0\">\n<\/div>\n<\/div>\n<\/div>\n<\/div>\n<\/div>\n<\/div>\n<\/div>\n<\/div>\n<\/section>\n<p><\/main><\/p>\n<footer class=\"page-footer\">\n<div class=\"footrer-bg\">\n<div class=\"container \">\n<div class=\"row\">\n<div class=\"col-md-4 link-cols\"><\/div>\n<\/div>\n<\/div>\n<\/div>\n<\/footer>\n<\/div>\n<\/div>\n<\/div>\n<\/div>\n<\/section>\n<p><\/main><\/p>\n<footer class=\"page-footer\">\n<div class=\"footrer-bg\">\n<div class=\"container \">\n<div class=\"row\">\n<div class=\"col-md-4 link-cols\"><\/div>\n<\/div>\n<\/div>\n<\/div>\n<\/footer>\n\n        <\/div>\n                          <div class=\"splide outer-arrows\" data-splide='{\n            \"autoplay\":true,\n            \"gap\" : \"1rem\",\n            \"perPage\": 4,\n            \"breakpoints\": {\n              \"640\": {\n                \"type\": \"loop\",\n                \"perPage\": 1\n              },\n              \"768\": {\n                \"type\": \"loop\",\n                \"perPage\": 2\n              },\n              \"1024\": {\n                \"type\": \"loop\",\n                \"perPage\": 3\n              }\n            }\n          }'>\n            <div class=\"splide__track\">\n              <div class=\"splide__list\">\n                                  <div class=\"splide__slide bg-white text-primary-dark text-15px md:text-16px rounded-[20px] p-[30px] font-normal leading-[1.8rem]\"><p>Identifier des entreprises \u00e0 potentiel que nous pouvons faire cro\u00eetre en capitalisant sur nos capacit\u00e9s d\u2019origination et nos partenariats strat\u00e9giques.<\/p>\n<\/div>\n                                  <div class=\"splide__slide bg-white text-primary-dark text-15px md:text-16px rounded-[20px] p-[30px] font-normal leading-[1.8rem]\"><p>Accompagner ou mettre en place une \u00e9quipe manag\u00e9riale d\u2019excellence, charg\u00e9e de red\u00e9finir la strat\u00e9gie et d&#8217;assurer sa mise en \u0153uvre.<\/p>\n<\/div>\n                                  <div class=\"splide__slide bg-white text-primary-dark text-15px md:text-16px rounded-[20px] p-[30px] font-normal leading-[1.8rem]\"><p>\u0152uvrer en tant qu&#8217;actionnaires actifs pour une gouvernance solide et une allocation efficace du capital, et promouvoir des partenariats de premier plan.<\/p>\n<\/div>\n                                  <div class=\"splide__slide bg-white text-primary-dark text-15px md:text-16px rounded-[20px] p-[30px] font-normal leading-[1.8rem]\"><p>S\u2019engager dans nos entreprises sur des horizons d\u2019investissement variables, adapt\u00e9s aux exigences du march\u00e9 et aux perspectives de cr\u00e9ation de valeur.<\/p>\n<\/div>\n                              <\/div>\n            <\/div>\n          <\/div>\n              <\/div>\n    <\/div>\n  <\/div>\n<\/section>\n\n\n<div id=\"block_5d3612c955b0cf487c26b4597e51fdce\" x-data=\"modalHandler\" @keydown.escape.window=\"closeModal\" class=\"relative modal-block\">\n  <!-- Modal -->\n  <div\n    id=\"PresidentFondateur\"\n    x-show=\"activeModal === 'PresidentFondateur'\"\n    x-trap.noscroll=\"activeModal === 'PresidentFondateur'\"\n    x-cloak\n    x-transition\n    class=\"fixed inset-0 bg-black\/60 flex items-center justify-center z-50\"\n    @click.self=\"closeModal\"\n  >\n    <div class=\"bg-white shadow-lg max-w-3xl w-full h-[500px] overflow-y-auto relative pt-12\">\n      <div class=\"p-8 flex gap-7\">\n                  <div class=\"hidden md:block w-4\/12 px-4\">\n            <img decoding=\"async\" src=\"https:\/\/saham.com\/app\/uploads\/2025\/04\/Mhe.png\" class=\"rounded-[20px]\">\n          <\/div>\n                <div class=\"w-full md:w-7\/12\">\n          <h2 class=\"text-primary-dark text-23px leading-6 font-semibold mb-2.5\">Moulay Hafid ELALAMY<\/h2>\n          <h2 class=\"text-primary-dark mb-4\">Homme d\u2019affaires et homme politique marocain, ancien ministre de l\u2019Industrie, du Commerce et de l\u2019\u00c9conomie verte et num\u00e9rique, et fondateur du groupe Saham. Il est Pr\u00e9sident de TP et de SGMB.<\/h2>\n          <div class=\"text-15px\">\n            <p>Moulay Hafid ELALAMY a commenc\u00e9 sa carri\u00e8re au Canada dans l\u2019industrie de l\u2019assurance avant de devenir Secr\u00e9taire G\u00e9n\u00e9ral du Groupe ONA, aujourd\u2019hui Al Mada, premier groupe industriel et financier priv\u00e9 marocain.<\/p>\n<p>En 1995, Moulay Hafid ELALAMY a fond\u00e9 le Groupe Saham. Depuis, il a cr\u00e9\u00e9 deux grandes entreprises leaders dans leur secteur : Saham Assurance et Majorel avant de se diversifier dans d\u2019autres secteurs cl\u00e9s \u00e0 fort impact social tels que l\u2019\u00e9ducation, l\u2019immobilier, l\u2019agriculture et la sant\u00e9.<\/p>\n<p>De 2006 \u00e0 2009, Moulay Hafid ELALAMY a pr\u00e9sid\u00e9 la Conf\u00e9d\u00e9ration g\u00e9n\u00e9rale des entreprises du Maroc (CGEM).<\/p>\n<p>De 2013 \u00e0 2021, il a \u00e9t\u00e9 ministre de l\u2019Industrie, du Commerce, de la Transformation num\u00e9rique et de l\u2019\u00c9conomie verte du Maroc, ce qui en fait le plus ancien haut fonctionnaire \u00e0 occuper ce poste depuis 1955. Durant son mandat, 50 \u00e9cosyst\u00e8mes industriels et 650 000 nouveaux emplois ont \u00e9t\u00e9 cr\u00e9\u00e9s et la part de l\u2019industrie dans le PIB du Maroc a augment\u00e9 de 9 points.<\/p>\n<p>En 2021, il est revenu aux commandes du Groupe Saham pour continuer \u00e0 faire cro\u00eetre ses entreprises et explorer de nouvelles opportunit\u00e9s de diversification.<\/p>\n<p>En 2024, Moulay Hafid ELALAMY\u00a0 a \u00e9t\u00e9 nomm\u00e9 Pr\u00e9sident du Conseil d\u2019Administration de TP et Pr\u00e9sident du Conseil de Surveillance de SGMB (Soci\u00e9t\u00e9 G\u00e9n\u00e9rale Marocaine de Banques), aujourd&#8217;hui Saham Bank.<\/p>\n\n          <\/div>\n        <\/div>\n\n      <\/div>\n      <button @click=\"closeModal\" class=\"absolute top-4 right-8\">\n        <svg xmlns=\"http:\/\/www.w3.org\/2000\/svg\" fill=\"none\" aria-hidden=\"true\" viewBox=\"0 0 24 24\" stroke-width=\"2\" stroke=\"currentColor\" class=\"size-6 text-black\">\n          <path stroke-linecap=\"round\" stroke-linejoin=\"round\" d=\"M6 18 18 6M6 6l12 12\" \/>\n        <\/svg>\n      <\/button>\n    <\/div>\n  <\/div>\n<\/div>\n\n\n\n\n<p><\/p>\n","protected":false},"excerpt":{"rendered":"","protected":false},"author":2,"featured_media":0,"parent":0,"menu_order":0,"comment_status":"closed","ping_status":"closed","template":"","meta":{"_acf_changed":false,"footnotes":""},"class_list":["post-687","page","type-page","status-publish","hentry"],"acf":[],"_links":{"self":[{"href":"https:\/\/saham.com\/fr\/wp-json\/wp\/v2\/pages\/687","targetHints":{"allow":["GET"]}}],"collection":[{"href":"https:\/\/saham.com\/fr\/wp-json\/wp\/v2\/pages"}],"about":[{"href":"https:\/\/saham.com\/fr\/wp-json\/wp\/v2\/types\/page"}],"author":[{"embeddable":true,"href":"https:\/\/saham.com\/fr\/wp-json\/wp\/v2\/users\/2"}],"replies":[{"embeddable":true,"href":"https:\/\/saham.com\/fr\/wp-json\/wp\/v2\/comments?post=687"}],"version-history":[{"count":29,"href":"https:\/\/saham.com\/fr\/wp-json\/wp\/v2\/pages\/687\/revisions"}],"predecessor-version":[{"id":2491,"href":"https:\/\/saham.com\/fr\/wp-json\/wp\/v2\/pages\/687\/revisions\/2491"}],"wp:attachment":[{"href":"https:\/\/saham.com\/fr\/wp-json\/wp\/v2\/media?parent=687"}],"curies":[{"name":"wp","href":"https:\/\/api.w.org\/{rel}","templated":true}]}}