{"id":678,"date":"2025-05-07T08:37:45","date_gmt":"2025-05-07T08:37:45","guid":{"rendered":"https:\/\/saham.com\/?page_id=678"},"modified":"2025-05-23T12:09:54","modified_gmt":"2025-05-23T12:09:54","slug":"immobilier","status":"publish","type":"page","link":"https:\/\/saham.com\/fr\/vue-d-ensemble\/immobilier\/","title":{"rendered":"Immobilier"},"content":{"rendered":"<section class=\"relative z-20\" style=\"background-color: transparent\" id=\"block_a0695ad1ec27c03394b71867b9114447\">\n    <div class=\"relative\">\n    <div class=\"bg-cover bg-right md:bg-center flex flex-col justify-center items-center h-[65vh] md:h-[95vh] min-h-[500px] md:min-h-[740px]  w-full before:h-full before:w-full before:absolute before:inset-x-0 before:bg-gradient-to-b before:from-secondary-dark\/90 before:from-30% before:to-transparent before:transition-all before:duration-200 before:ease-in-out before:z-10 hero alignfull\" x-bind:class=\"isDropdownOpened ? 'before:opacity-100 before:visible before:top-0': 'before:opacity-0 before:invisible before:-top-1\/2'\" style=\"background-image: url(https:\/\/saham.com\/app\/uploads\/2025\/05\/9968SAYRZpvIDfvlGc0Z.jpg); clip-path: ellipse(102% 57% at 41% 42%); background-color: transparent;\">\n          <\/div>\n  <\/div>\n      <div class=\"flex justify-center items-center w-[180px] h-[180px] relative -top-[90px] -mb-[90px] right-0 left-0 mx-auto bg-white p-[18px]\">\n      <img decoding=\"async\" src=\"https:\/\/saham.com\/app\/uploads\/2025\/05\/FyNdj1bao7T8DX3UMdyO.jpg\" class=\"\">\n    <\/div>\n<\/section>\n\n\n<section class=\"md:-mt-[260px] z-10 px-3 md:px-0\" style=\"background-color: transparent\" id=\"block_c97aae9202199dbe0f4ca6364e6feb1e\">\n    <div class=\"flex md:flex-row flex-col gap-12\">\n    <div class=\"relative w-full md:w-1\/2 bg-hidden md:bg-cover bg-no-repeat bg-center flex md:flex-row flex-col gap-6 md:pt-[230px]\" style=\"background-image: url();\">\n      <img decoding=\"async\" src=\"\" class=\"md:hidden\">\n      \n    <\/div>\n    <div class=\" flex flex-col w-full md:w-1\/2 gap-[60px] px-3\">\n      <div class=\"md:pt-[230px]\">\n                <div class=\"wysiwyg-content text-16px mb-12 leading-[1.8rem]\">\n          \n        <\/div>\n              <\/div>\n    <\/div>\n  <\/div>\n<\/section>\n\n\n<section class=\"mb-[30px] md:mb-[70px]  md:-mt-[260px] z-10 px-3 md:px-0\" style=\"background-color: transparent\" id=\"block_05c8ef6ad9c351d40128a3639bb2f9d8\">\n    <div class=\"flex md:flex-row flex-col gap-12\">\n    <div class=\"relative w-full md:w-1\/2 bg-hidden md:bg-cover bg-no-repeat bg-center flex md:flex-row flex-col gap-6 md:pt-[230px]\" style=\"background-image: url(https:\/\/saham.com\/app\/uploads\/2025\/04\/twUD9NTZO5v3Kyjlblni.jpg);\">\n      <img decoding=\"async\" src=\"https:\/\/saham.com\/app\/uploads\/2025\/04\/twUD9NTZO5v3Kyjlblni.jpg\" class=\"md:hidden\">\n              <div class=\"md:absolute bg-primary-dark rounded-r-[20px] w-full max-w-[460px] text-white flex flex-col gap-6 px-[30px] py-[50px] md:-right-2.5\">\n                      <div class=\"flex items-center gap-6\">\n              <img decoding=\"async\" src=\"https:\/\/saham.com\/app\/uploads\/2025\/05\/education-icon.png\">\n              <div class=\"flex flex-col gap-1.5\">\n                <div class=\"text-18px leading-[1.2]\">Secteur<\/div>\n                <div class=\"font-medium text-21px leading-6\">Immobilier<\/div>\n              <\/div>\n            <\/div>\n                      <div class=\"flex items-center gap-6\">\n              <img decoding=\"async\" src=\"https:\/\/saham.com\/app\/uploads\/2025\/05\/location-icon.png\">\n              <div class=\"flex flex-col gap-1.5\">\n                <div class=\"text-18px leading-[1.2]\">Localisation<\/div>\n                <div class=\"font-medium text-21px leading-6\">Casablanca<\/div>\n              <\/div>\n            <\/div>\n                      <div class=\"flex items-center gap-6\">\n              <img decoding=\"async\" src=\"https:\/\/saham.com\/app\/uploads\/2025\/05\/invest-icon.png\">\n              <div class=\"flex flex-col gap-1.5\">\n                <div class=\"text-18px leading-[1.2]\">Ann\u00e9e d&#8217;investissement<\/div>\n                <div class=\"font-medium text-21px leading-6\">2014 (Saham Immobilier)<br>2003 (Elalamy Immo)<\/div>\n              <\/div>\n            <\/div>\n                  <\/div>\n      \n    <\/div>\n    <div class=\" flex flex-col w-full md:w-1\/2 gap-[60px] px-3\">\n      <div class=\"md:pt-[230px]\">\n                  <div class=\"text-primary-dark text-23px font-semibold mb-[30px]\">\n            Saham Immobilier\n          <\/div>\n                <div class=\"wysiwyg-content text-16px mb-12 leading-[1.8rem]\">\n          <p>Saham Immobilier est un d\u00e9veloppeur de projets immobiliers d\u2019envergure au Maroc se distinguant par deux grands atouts : un emplacement strat\u00e9gique et un excellent rapport qualit\u00e9 prix.<\/p>\n<p>La forte demande avec l\u2019approche de commercialisation sur plan et le niveau \u00e9lev\u00e9 de satisfaction des r\u00e9sidents t\u00e9moignent de l\u2019excellente r\u00e9putation des projets de SAHAM Immobilier.<\/p>\n<p>Aujourd\u2019hui, Saham Immobilier d\u00e9veloppe 4 grands programmes \u00e0 Casablanca :<\/p>\n<ul style=\"font-weight: 400;\">\n<li><strong>Almaz<\/strong>, le quartier qui privil\u00e9gie la vie en communaut\u00e9 et le partage et longe la rocade sud-ouest avec un acc\u00e8s direct \u00e0 Casa-Anfa<\/li>\n<li><strong>Vert Marine<\/strong>, un programme haut standing dont les biens donnent pour la plupart sur un golf et la mer<\/li>\n<li><strong>Hamilton<\/strong>, des villas et des duplexes avec une architecture innovante aux portes de Casablanca<\/li>\n<li><strong>Le 25<\/strong>, un complexe r\u00e9sidentiel de standing au c\u0153ur d&#8217;une zone dynamique en plein essor entre Bouskoura et Sidi Maarouf<\/li>\n<\/ul>\n<p>&nbsp;<\/p>\n<p><a href=\"https:\/\/sahamimmobilier.com\/projet\/almaz-quartier\"><img loading=\"lazy\" decoding=\"async\" class=\"alignnone wp-image-622\" src=\"https:\/\/saham.com\/app\/uploads\/2025\/05\/telechargement-e1746615549477.png\" alt=\"\" width=\"165\" height=\"80\" \/><\/a><a href=\"https:\/\/sahamimmobilier.com\/projet\/vert-marine\"><img loading=\"lazy\" decoding=\"async\" class=\"alignnone wp-image-620\" src=\"https:\/\/saham.com\/app\/uploads\/2025\/05\/telechargement-1.png\" alt=\"\" width=\"165\" height=\"94\" \/><\/a><a href=\"https:\/\/sahamimmobilier.com\/projet\/hamilton\"><img loading=\"lazy\" decoding=\"async\" class=\"alignnone wp-image-618\" src=\"https:\/\/saham.com\/app\/uploads\/2025\/05\/telechargement-2.png\" alt=\"\" width=\"165\" height=\"94\" \/><\/a><a href=\"https:\/\/sahamimmobilier.com\/projet\/le25\"><img loading=\"lazy\" decoding=\"async\" class=\"alignnone wp-image-616\" src=\"https:\/\/saham.com\/app\/uploads\/2025\/05\/telechargement-3.png\" alt=\"\" width=\"165\" height=\"94\" \/><\/a><\/p>\n<p>&nbsp;<\/p>\n<p style=\"font-weight: 400;\"><a href=\"https:\/\/www.sahamimmobilier.com\/\">www.sahamimmobilier.com<\/a><\/p>\n\n        <\/div>\n              <\/div>\n    <\/div>\n  <\/div>\n<\/section>\n","protected":false},"excerpt":{"rendered":"","protected":false},"author":2,"featured_media":0,"parent":675,"menu_order":0,"comment_status":"closed","ping_status":"closed","template":"","meta":{"_acf_changed":false,"footnotes":""},"class_list":["post-678","page","type-page","status-publish","hentry"],"acf":[],"_links":{"self":[{"href":"https:\/\/saham.com\/fr\/wp-json\/wp\/v2\/pages\/678","targetHints":{"allow":["GET"]}}],"collection":[{"href":"https:\/\/saham.com\/fr\/wp-json\/wp\/v2\/pages"}],"about":[{"href":"https:\/\/saham.com\/fr\/wp-json\/wp\/v2\/types\/page"}],"author":[{"embeddable":true,"href":"https:\/\/saham.com\/fr\/wp-json\/wp\/v2\/users\/2"}],"replies":[{"embeddable":true,"href":"https:\/\/saham.com\/fr\/wp-json\/wp\/v2\/comments?post=678"}],"version-history":[{"count":6,"href":"https:\/\/saham.com\/fr\/wp-json\/wp\/v2\/pages\/678\/revisions"}],"predecessor-version":[{"id":955,"href":"https:\/\/saham.com\/fr\/wp-json\/wp\/v2\/pages\/678\/revisions\/955"}],"up":[{"embeddable":true,"href":"https:\/\/saham.com\/fr\/wp-json\/wp\/v2\/pages\/675"}],"wp:attachment":[{"href":"https:\/\/saham.com\/fr\/wp-json\/wp\/v2\/media?parent=678"}],"curies":[{"name":"wp","href":"https:\/\/api.w.org\/{rel}","templated":true}]}}