{"id":665,"date":"2025-04-11T09:33:24","date_gmt":"2025-04-11T09:33:24","guid":{"rendered":"https:\/\/saham.com\/?page_id=665"},"modified":"2025-05-23T11:55:27","modified_gmt":"2025-05-23T11:55:27","slug":"notre-fondation","status":"publish","type":"page","link":"https:\/\/saham.com\/fr\/notre-fondation\/","title":{"rendered":"Notre fondation"},"content":{"rendered":"<section class=\"relative z-20\" style=\"background-color: transparent\" id=\"block_7a1a4678d8d8abb33e6cea994f3a3918\">\n    <div class=\"relative\">\n    <div class=\"bg-cover bg-right md:bg-center flex flex-col justify-center items-center h-[450px] md:h-[510px]  w-full before:h-full before:w-full before:absolute before:inset-x-0 before:bg-gradient-to-b before:from-secondary-dark\/90 before:from-30% before:to-transparent before:transition-all before:duration-200 before:ease-in-out before:z-10 hero alignfull\" x-bind:class=\"isDropdownOpened ? 'before:opacity-100 before:visible before:top-0': 'before:opacity-0 before:invisible before:-top-1\/2'\" style=\"background-image: url(https:\/\/saham.com\/app\/uploads\/2025\/04\/img1.jpg); clip-path: ellipse(102% 57% at 41% 42%); background-color: #1e73be;\">\n            <div class=\"container z-20\">\n        <div class=\"1 md:px-[8.333333%] mb-5 text-white text-32px font-medium\" style=\"text-align: center\"><h2 class=\"fondation-slider-text\">Notre fondation<\/h2>\n<\/div>\n      <\/div>\n          <\/div>\n  <\/div>\n      <div class=\"flex justify-center items-center w-[180px] h-[180px] relative -top-[90px] -mb-[90px] right-0 left-0 mx-auto bg-white p-[18px]\">\n      <img decoding=\"async\" src=\"https:\/\/saham.com\/app\/uploads\/2025\/04\/logo.jpg\" class=\"\">\n    <\/div>\n<\/section>\n\n\n<section class=\"mb-[30px] md:mb-[70px]  md:-mt-[260px] z-10 px-3 md:px-0\" style=\"background-color: transparent\" id=\"block_a607bda38e9ac31da670f9b3e8dc518b\">\n    <div class=\"flex md:flex-row flex-col gap-12\">\n    <div class=\"relative w-full md:w-1\/2 bg-hidden md:bg-cover bg-no-repeat bg-center flex md:flex-row flex-col gap-6 md:pt-[230px]\" style=\"background-image: url(https:\/\/saham.com\/app\/uploads\/2025\/05\/img2.png);\">\n      <img decoding=\"async\" src=\"https:\/\/saham.com\/app\/uploads\/2025\/05\/img2.png\" class=\"md:hidden\">\n              <div class=\"md:absolute bg-primary-dark rounded-r-[20px] w-full max-w-[460px] text-white flex flex-col gap-6 px-[30px] py-[50px] md:-right-2.5\">\n                      <div class=\"flex items-center gap-6\">\n              <img decoding=\"async\" src=\"https:\/\/saham.com\/app\/uploads\/2025\/05\/medical.png\">\n              <div class=\"flex flex-col gap-1.5\">\n                <div class=\"font-medium text-22px leading-6\">+ 100 000<\/div>\n                <div class=\"text-16px leading-[1.2]\">b\u00e9n\u00e9ficiaires directs de nos actions m\u00e9dicales<\/div>\n              <\/div>\n            <\/div>\n                      <div class=\"flex items-center gap-6\">\n              <img decoding=\"async\" src=\"https:\/\/saham.com\/app\/uploads\/2025\/05\/heart-rate.png\">\n              <div class=\"flex flex-col gap-1.5\">\n                <div class=\"font-medium text-22px leading-6\">+ 1 200<\/div>\n                <div class=\"text-16px leading-[1.2]\">op\u00e9rations chirurgicales lourdes au Maroc et en Afrique subsaharienne<\/div>\n              <\/div>\n            <\/div>\n                      <div class=\"flex items-center gap-6\">\n              <img decoding=\"async\" src=\"https:\/\/saham.com\/app\/uploads\/2025\/05\/tooth.png\">\n              <div class=\"flex flex-col gap-1.5\">\n                <div class=\"font-medium text-22px leading-6\">+ 20 000<\/div>\n                <div class=\"text-16px leading-[1.2]\">enfants et adultes sensibilis\u00e9s \u00e0 l\u2019hygi\u00e8ne bucco-dentaire<\/div>\n              <\/div>\n            <\/div>\n                  <\/div>\n      \n    <\/div>\n    <div class=\" flex flex-col w-full md:w-1\/2 gap-[60px] px-3\">\n      <div class=\"md:pt-[230px]\">\n                  <div class=\"text-primary-dark text-23px font-semibold mb-[30px]\">\n            AGIR POUR L\u2019EGALITE DES CHANCES\n          <\/div>\n                <div class=\"wysiwyg-content text-16px mb-12 leading-[1.8rem]\">\n          <p>Cr\u00e9\u00e9e en 2008, la Fondation Saham a pour vocation de cr\u00e9er un impact majeur et durable sur les populations les plus vuln\u00e9rables au Maroc et en Afrique subsaharienne. La Fondation Saham est une organisation \u00e0 but non lucratif, reconnue d\u2019utilit\u00e9 publique.<\/p>\n<p>La Fondation Saham a pour objectif de favoriser l\u2019inclusion sociale, faciliter l\u2019acc\u00e8s \u00e0 la sant\u00e9, accompagner les prochaines g\u00e9n\u00e9rations dans l\u2019acc\u00e8s \u00e0 l\u2019\u00e9ducation et \u00e0 l\u2019emploi, et pr\u00e9venir ainsi les diff\u00e9rentes formes de pr\u00e9carit\u00e9.<\/p>\n\n        <\/div>\n                  <div class=\"flex flex-col md:flex-row gap-6\">\n                          <a class=\" bg-primary-dark uppercase py-2 no-underline font-medium px-8 text-white rounded-[20px] text-16px w-full text-center\" href=\"https:\/\/sahamfoundation.com\/\">Consulter le site de la Fondation<\/a>\n                      <\/div>\n              <\/div>\n    <\/div>\n  <\/div>\n<\/section>\n","protected":false},"excerpt":{"rendered":"","protected":false},"author":2,"featured_media":0,"parent":0,"menu_order":0,"comment_status":"closed","ping_status":"closed","template":"","meta":{"_acf_changed":false,"footnotes":""},"class_list":["post-665","page","type-page","status-publish","hentry"],"acf":[],"_links":{"self":[{"href":"https:\/\/saham.com\/fr\/wp-json\/wp\/v2\/pages\/665","targetHints":{"allow":["GET"]}}],"collection":[{"href":"https:\/\/saham.com\/fr\/wp-json\/wp\/v2\/pages"}],"about":[{"href":"https:\/\/saham.com\/fr\/wp-json\/wp\/v2\/types\/page"}],"author":[{"embeddable":true,"href":"https:\/\/saham.com\/fr\/wp-json\/wp\/v2\/users\/2"}],"replies":[{"embeddable":true,"href":"https:\/\/saham.com\/fr\/wp-json\/wp\/v2\/comments?post=665"}],"version-history":[{"count":6,"href":"https:\/\/saham.com\/fr\/wp-json\/wp\/v2\/pages\/665\/revisions"}],"predecessor-version":[{"id":793,"href":"https:\/\/saham.com\/fr\/wp-json\/wp\/v2\/pages\/665\/revisions\/793"}],"wp:attachment":[{"href":"https:\/\/saham.com\/fr\/wp-json\/wp\/v2\/media?parent=665"}],"curies":[{"name":"wp","href":"https:\/\/api.w.org\/{rel}","templated":true}]}}