{"id":663,"date":"2025-05-05T13:44:21","date_gmt":"2025-05-05T13:44:21","guid":{"rendered":"https:\/\/saham.com\/?page_id=663"},"modified":"2026-02-09T14:49:45","modified_gmt":"2026-02-09T14:49:45","slug":"nous-rejoindre","status":"publish","type":"page","link":"https:\/\/saham.com\/fr\/nous-rejoindre\/","title":{"rendered":"Nous rejoindre"},"content":{"rendered":"<section class=\"relative z-20\" style=\"background-color: transparent\" id=\"block_722abf462bb37ff2b7ff1971063ae4ff\">\n    <div class=\"relative\">\n    <div class=\"bg-cover bg-right md:bg-center flex flex-col justify-end pb-[80px] items-center h-[450px] md:h-[510px]  w-full before:h-full before:w-full before:absolute before:inset-x-0 before:bg-gradient-to-b before:from-secondary-dark\/90 before:from-30% before:to-transparent before:transition-all before:duration-200 before:ease-in-out before:z-10 hero alignfull\" x-bind:class=\"isDropdownOpened ? 'before:opacity-100 before:visible before:top-0': 'before:opacity-0 before:invisible before:-top-1\/2'\" style=\"background-image: url(https:\/\/saham.com\/app\/uploads\/2025\/04\/histoire-slider.jpg); clip-path: ellipse(102% 57% at 41% 42%); background-color: transparent;\">\n            <div class=\"container z-20\">\n        <div class=\"text-28px md:px-[8.333333%] mb-5 text-white text-32px font-medium\" style=\"text-align: start\"><h1>Nous rejoindre<\/h1>\n<\/div>\n      <\/div>\n          <\/div>\n  <\/div>\n<\/section>\n\n\n<section class=\"mt-[30px] md:mt-[70px]mb-[30px] md:mb-[70px] container\" style=\"background-color: transparent\" id=\"block_0b64bccced1bd78abda7ffbd2c93c08c\">\n    <div class=\"flex gap-1 md:flex-row flex-col\">\n    <div class=\"w-full md:w-1\/2 border-[#b4b4b4] border-b md:border-r md:border-b-0\">\n                    <div class=\"wysiwyg-content text-16 text-[#212529]\">\n          <div><b>Rejoignez l\u2019excellence. Donnez du sens \u00e0 votre talent.<\/b><\/div>\n<div>Chez Saham, nous recrutons des talents exigeants, anim\u00e9s par la qu\u00eate d\u2019excellence, la rigueur, l\u2019int\u00e9grit\u00e9 et le sens du collectif.<br \/>\nNous nous adressons \u00e0 celles et ceux qui aspirent \u00e0 un impact positif, qui souhaitent progresser aux c\u00f4t\u00e9s d&#8217;experts aguerris et exigeants, dans un environnement o\u00f9 l\u2019apprentissage est constant et les ambitions partag\u00e9es.<\/div>\n<div>Merci de remplir ce formulaire si vous souhaitez candidater.<\/div>\n\n        <\/div>\n                <\/div>\n    <div class=\"pt-10 md:pt-0 flex flex-col w-full md:w-1\/2 border-[#b4b4b4] border-t md:border-l md:border-t-0 md:pl-10\">\n                    <div class=\"wysiwyg-content\">\n          \n<div class=\"wpcf7 no-js\" id=\"wpcf7-f738-o1\" lang=\"en-US\" dir=\"ltr\" data-wpcf7-id=\"738\">\n<div class=\"screen-reader-response\"><p role=\"status\" aria-live=\"polite\" aria-atomic=\"true\"><\/p> <ul><\/ul><\/div>\n<form action=\"\/fr\/wp-json\/wp\/v2\/pages\/663#wpcf7-f738-o1\" method=\"post\" class=\"wpcf7-form init\" aria-label=\"Contact form\" enctype=\"multipart\/form-data\" novalidate=\"novalidate\" data-status=\"init\">\n<fieldset class=\"hidden-fields-container\"><input type=\"hidden\" name=\"_wpcf7\" value=\"738\" \/><input type=\"hidden\" name=\"_wpcf7_version\" value=\"6.1.3\" \/><input type=\"hidden\" name=\"_wpcf7_locale\" value=\"en_US\" \/><input type=\"hidden\" name=\"_wpcf7_unit_tag\" value=\"wpcf7-f738-o1\" \/><input type=\"hidden\" name=\"_wpcf7_container_post\" value=\"0\" \/><input type=\"hidden\" name=\"_wpcf7_posted_data_hash\" value=\"\" \/><input type=\"hidden\" name=\"_wpcf7_recaptcha_response\" value=\"\" \/>\n<\/fieldset>\n<div class=\"floating-group-wrapper\">\n\t<div class=\"floating-group half-width \">\n\t\t<p><span class=\"wpcf7-form-control-wrap\" data-name=\"your_name\"><input size=\"40\" maxlength=\"400\" class=\"wpcf7-form-control wpcf7-text wpcf7-validates-as-required\" id=\"your_name\" aria-required=\"true\" aria-invalid=\"false\" placeholder=\"\" value=\"\" type=\"text\" name=\"your_name\" \/><\/span><label for=\"your_name\">Nom et pr\u00e9nom<\/label>\n\t\t<\/p>\n\t<\/div>\n\t<div class=\"floating-group half-width\">\n\t\t<p><span class=\"wpcf7-form-control-wrap\" data-name=\"your_email\"><input size=\"40\" maxlength=\"400\" class=\"wpcf7-form-control wpcf7-email wpcf7-validates-as-required wpcf7-text wpcf7-validates-as-email\" id=\"your_email\" aria-required=\"true\" aria-invalid=\"false\" placeholder=\"\" value=\"\" type=\"email\" name=\"your_email\" \/><\/span><label for=\"your_email\">E-mail<\/label>\n\t\t<\/p>\n\t<\/div>\n<\/div>\n<div class=\"floating-group\">\n\t<p><span class=\"wpcf7-form-control-wrap\" data-name=\"your_tel\"><input size=\"40\" maxlength=\"400\" class=\"wpcf7-form-control wpcf7-text wpcf7-validates-as-required\" id=\"your_tel\" aria-required=\"true\" aria-invalid=\"false\" placeholder=\"\" value=\"\" type=\"text\" name=\"your_tel\" \/><\/span><label for=\"your_tel\">Tel<\/label>\n\t<\/p>\n<\/div>\n<div class=\"floating-group \">\n\t<p><span class=\"wpcf7-form-control-wrap\" data-name=\"your_city_country\"><input size=\"40\" maxlength=\"400\" class=\"wpcf7-form-control wpcf7-text\" id=\"your_city_country\" aria-invalid=\"false\" placeholder=\"\" value=\"\" type=\"text\" name=\"your_city_country\" \/><\/span><label for=\"your_city_country\">Ville \/ Pays de r\u00e9sidence<\/label>\n\t<\/p>\n<\/div>\n<div class=\"floating-group \">\n\t<p><span class=\"wpcf7-form-control-wrap\" data-name=\"your_linkedin\"><input size=\"40\" maxlength=\"400\" class=\"wpcf7-form-control wpcf7-text\" id=\"your_linkedin\" aria-invalid=\"false\" placeholder=\"\" value=\"\" type=\"text\" name=\"your_linkedin\" \/><\/span><label for=\"your_linkedin\">Lien Linkedin<\/label>\n\t<\/p>\n<\/div>\n<div class=\"floating-group-wrapper\">\n\t<div class=\"floating-group half-width\">\n\t\t<p>CV<br \/>\n<span class=\"wpcf7-form-control-wrap\" data-name=\"your_cv\"><input size=\"40\" class=\"wpcf7-form-control wpcf7-file wpcf7-validates-as-required\" accept=\".pdf\" aria-required=\"true\" aria-invalid=\"false\" type=\"file\" name=\"your_cv\" \/><\/span>\n\t\t<\/p>\n\t<\/div>\n\t<div class=\"floating-group half-width\">\n\t\t<p>Lettre de motivation<br \/>\n<span class=\"wpcf7-form-control-wrap\" data-name=\"your_cover_letter\"><input size=\"40\" class=\"wpcf7-form-control wpcf7-file wpcf7-validates-as-required\" accept=\".pdf\" aria-required=\"true\" aria-invalid=\"false\" type=\"file\" name=\"your_cover_letter\" \/><\/span>\n\t\t<\/p>\n\t<\/div>\n<\/div>\n<div class=\"floating-group\">\n\t<p><span class=\"wpcf7-form-control-wrap\" data-name=\"your_message\"><textarea cols=\"40\" rows=\"3\" maxlength=\"2000\" class=\"wpcf7-form-control wpcf7-textarea\" id=\"your_message\" aria-invalid=\"false\" placeholder=\"\" name=\"your_message\"><\/textarea><\/span><label for=\"your_message\">Message<\/label>\n\t<\/p>\n<\/div>\n<p><input class=\"wpcf7-form-control wpcf7-submit has-spinner submit-btn\" type=\"submit\" value=\"Envoyer\" \/>\n<\/p><div class=\"wpcf7-response-output\" aria-hidden=\"true\"><\/div>\n<\/form>\n<\/div>\n\n\n        <\/div>\n          <\/div>\n  <\/div>\n<\/section>\n\n\n","protected":false},"excerpt":{"rendered":"","protected":false},"author":2,"featured_media":0,"parent":0,"menu_order":0,"comment_status":"closed","ping_status":"closed","template":"","meta":{"_acf_changed":false,"footnotes":""},"class_list":["post-663","page","type-page","status-publish","hentry"],"acf":[],"_links":{"self":[{"href":"https:\/\/saham.com\/fr\/wp-json\/wp\/v2\/pages\/663","targetHints":{"allow":["GET"]}}],"collection":[{"href":"https:\/\/saham.com\/fr\/wp-json\/wp\/v2\/pages"}],"about":[{"href":"https:\/\/saham.com\/fr\/wp-json\/wp\/v2\/types\/page"}],"author":[{"embeddable":true,"href":"https:\/\/saham.com\/fr\/wp-json\/wp\/v2\/users\/2"}],"replies":[{"embeddable":true,"href":"https:\/\/saham.com\/fr\/wp-json\/wp\/v2\/comments?post=663"}],"version-history":[{"count":34,"href":"https:\/\/saham.com\/fr\/wp-json\/wp\/v2\/pages\/663\/revisions"}],"predecessor-version":[{"id":2517,"href":"https:\/\/saham.com\/fr\/wp-json\/wp\/v2\/pages\/663\/revisions\/2517"}],"wp:attachment":[{"href":"https:\/\/saham.com\/fr\/wp-json\/wp\/v2\/media?parent=663"}],"curies":[{"name":"wp","href":"https:\/\/api.w.org\/{rel}","templated":true}]}}