{"id":657,"date":"2025-05-07T08:46:45","date_gmt":"2025-05-07T08:46:45","guid":{"rendered":"https:\/\/saham.com\/?page_id=657"},"modified":"2025-05-23T12:09:39","modified_gmt":"2025-05-23T12:09:39","slug":"education","status":"publish","type":"page","link":"https:\/\/saham.com\/fr\/vue-d-ensemble\/education\/","title":{"rendered":"Education"},"content":{"rendered":"<section class=\"relative z-20\" style=\"background-color: transparent\" id=\"block_d308668206cb02f80cc25bc95a2b8821\">\n    <div class=\"relative\">\n    <div class=\"bg-cover bg-right md:bg-center flex flex-col justify-center items-center h-[65vh] md:h-[95vh] min-h-[500px] md:min-h-[740px]  w-full before:h-full before:w-full before:absolute before:inset-x-0 before:bg-gradient-to-b before:from-secondary-dark\/90 before:from-30% before:to-transparent before:transition-all before:duration-200 before:ease-in-out before:z-10 hero alignfull\" x-bind:class=\"isDropdownOpened ? 'before:opacity-100 before:visible before:top-0': 'before:opacity-0 before:invisible before:-top-1\/2'\" style=\"background-image: url(https:\/\/saham.com\/app\/uploads\/2025\/04\/yKvEZwwYs4LuaQ6vgpX9.jpg); clip-path: ellipse(102% 57% at 41% 42%); background-color: transparent;\">\n          <\/div>\n  <\/div>\n      <div class=\"flex justify-center items-center w-[180px] h-[180px] relative -top-[90px] -mb-[90px] right-0 left-0 mx-auto bg-white p-[18px]\">\n      <img decoding=\"async\" src=\"https:\/\/saham.com\/app\/uploads\/2025\/05\/ettHxcYsQKxpPMyYyOEv.jpg\" class=\"\">\n    <\/div>\n<\/section>\n\n\n<section class=\"md:-mt-[260px] z-10 px-3 md:px-0\" style=\"background-color: transparent\" id=\"block_3a3e30a5b0207f3b3b0c29c282421bf7\">\n    <div class=\"flex md:flex-row flex-col gap-12\">\n    <div class=\"relative w-full md:w-1\/2 bg-hidden md:bg-cover bg-no-repeat bg-center flex md:flex-row flex-col gap-6 md:pt-[230px]\" style=\"background-image: url();\">\n      <img decoding=\"async\" src=\"\" class=\"md:hidden\">\n      \n    <\/div>\n    <div class=\" flex flex-col w-full md:w-1\/2 gap-[60px] px-3\">\n      <div class=\"md:pt-[230px]\">\n                <div class=\"wysiwyg-content text-16px mb-12 leading-[1.8rem]\">\n          \n        <\/div>\n              <\/div>\n    <\/div>\n  <\/div>\n<\/section>\n\n\n<section class=\"mb-[30px] md:mb-[70px]  md:-mt-[260px] z-10 px-3 md:px-0\" style=\"background-color: transparent\" id=\"block_cc4e26c6d2efbd531e99f2cec8bf7679\">\n    <div class=\"flex md:flex-row flex-col gap-12\">\n    <div class=\"relative w-full md:w-1\/2 bg-hidden md:bg-cover bg-no-repeat bg-center flex md:flex-row flex-col gap-6 md:pt-[230px]\" style=\"background-image: url(https:\/\/saham.com\/app\/uploads\/2025\/05\/krI1FZrecPaUaRtprzLj.jpg);\">\n      <img decoding=\"async\" src=\"https:\/\/saham.com\/app\/uploads\/2025\/05\/krI1FZrecPaUaRtprzLj.jpg\" class=\"md:hidden\">\n              <div class=\"md:absolute bg-primary-dark rounded-r-[20px] w-full max-w-[460px] text-white flex flex-col gap-6 px-[30px] py-[50px] md:-right-2.5\">\n                      <div class=\"flex items-center gap-6\">\n              <img decoding=\"async\" src=\"https:\/\/saham.com\/app\/uploads\/2025\/05\/education-icon.png\">\n              <div class=\"flex flex-col gap-1.5\">\n                <div class=\"text-18px leading-[1.2]\">Secteur<\/div>\n                <div class=\"font-medium text-21px leading-6\">Education<\/div>\n              <\/div>\n            <\/div>\n                      <div class=\"flex items-center gap-6\">\n              <img decoding=\"async\" src=\"https:\/\/saham.com\/app\/uploads\/2025\/05\/location-icon.png\">\n              <div class=\"flex flex-col gap-1.5\">\n                <div class=\"text-18px leading-[1.2]\">Localisation<\/div>\n                <div class=\"font-medium text-21px leading-6\">Casablanca<\/div>\n              <\/div>\n            <\/div>\n                      <div class=\"flex items-center gap-6\">\n              <img decoding=\"async\" src=\"https:\/\/saham.com\/app\/uploads\/2025\/05\/invest-icon.png\">\n              <div class=\"flex flex-col gap-1.5\">\n                <div class=\"text-18px leading-[1.2]\">Ann\u00e9e d&#8217;investissement<\/div>\n                <div class=\"font-medium text-21px leading-6\">2015<\/div>\n              <\/div>\n            <\/div>\n                  <\/div>\n      \n    <\/div>\n    <div class=\" flex flex-col w-full md:w-1\/2 gap-[60px] px-3\">\n      <div class=\"md:pt-[230px]\">\n                  <div class=\"text-primary-dark text-23px font-semibold mb-[30px]\">\n            International Education Group (IEG)\n          <\/div>\n                <div class=\"wysiwyg-content text-16px mb-12 leading-[1.8rem]\">\n          <p>International Education Group (IEG) est un r\u00e9seau international d\u2019\u00e9coles d\u2019excellence allant de la maternelle au lyc\u00e9e.<\/p>\n<p>Les \u00e9coles du r\u00e9seau International Education Group offrent un \u00e9quilibre parfait entre excellence acad\u00e9mique et d\u00e9veloppement personnel, valorisent l\u2019apprentissage permanent et permettent aux \u00e9l\u00e8ves de r\u00e9v\u00e9ler leur plein potentiel d\u00e8s leur plus jeune \u00e2ge.<\/p>\n<p>Saham a apport\u00e9 un soutien constant \u00e0 IEG dans son d\u00e9veloppement depuis sa cr\u00e9ation en 2015, permettant \u00e0 l&#8217;organisation d&#8217;\u00e9tendre sa port\u00e9e \u00e0 10 \u00e9coles avec plus de 7 000 \u00e9l\u00e8ves.<\/p>\n<p>En 2023, IEG a accueilli un nouveau partenaire, Globeducate, acteur international comptant plus de 55 \u00e9coles bilingues et internationales. Ce partenariat permettra \u00e0 IEG d&#8217;enrichir son offre \u00e9ducative et de continuer \u00e0 \u00e9tendre sa pr\u00e9sence au Maroc et \u00e0 l&#8217;international.<\/p>\n<p><a href=\"https:\/\/www.ieg.education\/\">www.ieg.education<\/a><\/p>\n\n        <\/div>\n              <\/div>\n    <\/div>\n  <\/div>\n<\/section>\n","protected":false},"excerpt":{"rendered":"","protected":false},"author":2,"featured_media":0,"parent":675,"menu_order":0,"comment_status":"closed","ping_status":"closed","template":"","meta":{"_acf_changed":false,"footnotes":""},"class_list":["post-657","page","type-page","status-publish","hentry"],"acf":[],"_links":{"self":[{"href":"https:\/\/saham.com\/fr\/wp-json\/wp\/v2\/pages\/657","targetHints":{"allow":["GET"]}}],"collection":[{"href":"https:\/\/saham.com\/fr\/wp-json\/wp\/v2\/pages"}],"about":[{"href":"https:\/\/saham.com\/fr\/wp-json\/wp\/v2\/types\/page"}],"author":[{"embeddable":true,"href":"https:\/\/saham.com\/fr\/wp-json\/wp\/v2\/users\/2"}],"replies":[{"embeddable":true,"href":"https:\/\/saham.com\/fr\/wp-json\/wp\/v2\/comments?post=657"}],"version-history":[{"count":3,"href":"https:\/\/saham.com\/fr\/wp-json\/wp\/v2\/pages\/657\/revisions"}],"predecessor-version":[{"id":887,"href":"https:\/\/saham.com\/fr\/wp-json\/wp\/v2\/pages\/657\/revisions\/887"}],"up":[{"embeddable":true,"href":"https:\/\/saham.com\/fr\/wp-json\/wp\/v2\/pages\/675"}],"wp:attachment":[{"href":"https:\/\/saham.com\/fr\/wp-json\/wp\/v2\/media?parent=657"}],"curies":[{"name":"wp","href":"https:\/\/api.w.org\/{rel}","templated":true}]}}