{"id":655,"date":"2025-05-07T08:27:19","date_gmt":"2025-05-07T08:27:19","guid":{"rendered":"https:\/\/saham.com\/?page_id=655"},"modified":"2025-05-23T12:09:47","modified_gmt":"2025-05-23T12:09:47","slug":"experience-client-bpo","status":"publish","type":"page","link":"https:\/\/saham.com\/fr\/vue-d-ensemble\/experience-client-bpo\/","title":{"rendered":"Experience client &#038; BPO"},"content":{"rendered":"<section class=\"relative z-20\" style=\"background-color: transparent\" id=\"block_95f004ad71107b0733f9d55e4aaf4bde\">\n    <div class=\"relative\">\n    <div class=\"bg-cover bg-right md:bg-center flex flex-col justify-center items-center h-[65vh] md:h-[95vh] min-h-[500px] md:min-h-[740px]  w-full before:h-full before:w-full before:absolute before:inset-x-0 before:bg-gradient-to-b before:from-secondary-dark\/90 before:from-30% before:to-transparent before:transition-all before:duration-200 before:ease-in-out before:z-10 hero alignfull\" x-bind:class=\"isDropdownOpened ? 'before:opacity-100 before:visible before:top-0': 'before:opacity-0 before:invisible before:-top-1\/2'\" style=\"background-image: url(https:\/\/saham.com\/app\/uploads\/2025\/04\/5pCdv7J6S2hHDC3FP7cb.jpg); clip-path: ellipse(102% 57% at 41% 42%); background-color: transparent;\">\n          <\/div>\n  <\/div>\n      <div class=\"flex justify-center items-center w-[180px] h-[180px] relative -top-[90px] -mb-[90px] right-0 left-0 mx-auto bg-white p-[18px]\">\n      <img decoding=\"async\" src=\"https:\/\/saham.com\/app\/uploads\/2025\/05\/LogoTP.png\" class=\"\">\n    <\/div>\n<\/section>\n\n\n<section class=\"md:-mt-[260px] z-10 px-3 md:px-0\" style=\"background-color: transparent\" id=\"block_6e80302d8f9b01753384930419121a29\">\n    <div class=\"flex md:flex-row flex-col gap-12\">\n    <div class=\"relative w-full md:w-1\/2 bg-hidden md:bg-cover bg-no-repeat bg-center flex md:flex-row flex-col gap-6 md:pt-[230px]\" style=\"background-image: url();\">\n      <img decoding=\"async\" src=\"\" class=\"md:hidden\">\n      \n    <\/div>\n    <div class=\" flex flex-col w-full md:w-1\/2 gap-[60px] px-3\">\n      <div class=\"md:pt-[230px]\">\n                <div class=\"wysiwyg-content text-16px mb-12 leading-[1.8rem]\">\n          \n        <\/div>\n              <\/div>\n    <\/div>\n  <\/div>\n<\/section>\n\n\n<section class=\"mb-[30px] md:mb-[70px]  md:-mt-[260px] z-10 px-3 md:px-0\" style=\"background-color: transparent\" id=\"block_08a903807ef0d9c4156ce1b0e3f45952\">\n    <div class=\"flex md:flex-row flex-col gap-12\">\n    <div class=\"relative w-full md:w-1\/2 bg-hidden md:bg-cover bg-no-repeat bg-center flex md:flex-row flex-col gap-6 md:pt-[230px]\" style=\"background-image: url(https:\/\/saham.com\/app\/uploads\/2025\/05\/G4LHu7jCGkyyzomILXWj.jpg);\">\n      <img decoding=\"async\" src=\"https:\/\/saham.com\/app\/uploads\/2025\/05\/G4LHu7jCGkyyzomILXWj.jpg\" class=\"md:hidden\">\n              <div class=\"md:absolute bg-primary-dark rounded-r-[20px] w-full max-w-[460px] text-white flex flex-col gap-6 px-[30px] py-[50px] md:-right-2.5\">\n                      <div class=\"flex items-center gap-6\">\n              <img decoding=\"async\" src=\"https:\/\/saham.com\/app\/uploads\/2025\/05\/education-icon.png\">\n              <div class=\"flex flex-col gap-1.5\">\n                <div class=\"text-18px leading-[1.2]\">Secteur<\/div>\n                <div class=\"font-medium text-21px leading-6\">CX \/ BPO<\/div>\n              <\/div>\n            <\/div>\n                      <div class=\"flex items-center gap-6\">\n              <img decoding=\"async\" src=\"https:\/\/saham.com\/app\/uploads\/2025\/05\/location-icon.png\">\n              <div class=\"flex flex-col gap-1.5\">\n                <div class=\"text-18px leading-[1.2]\">Localisation<\/div>\n                <div class=\"font-medium text-21px leading-6\">Paris<\/div>\n              <\/div>\n            <\/div>\n                      <div class=\"flex items-center gap-6\">\n              <img decoding=\"async\" src=\"https:\/\/saham.com\/app\/uploads\/2025\/05\/invest-icon.png\">\n              <div class=\"flex flex-col gap-1.5\">\n                <div class=\"text-18px leading-[1.2]\">Ann\u00e9e d&#8217;investissement<\/div>\n                <div class=\"font-medium text-21px leading-6\">2019 (Majorel)<br>1999 (1er investissement)<\/div>\n              <\/div>\n            <\/div>\n                  <\/div>\n      \n    <\/div>\n    <div class=\" flex flex-col w-full md:w-1\/2 gap-[60px] px-3\">\n      <div class=\"md:pt-[230px]\">\n                  <div class=\"text-primary-dark text-23px font-semibold mb-[30px]\">\n            TP\n          <\/div>\n                <div class=\"wysiwyg-content text-16px mb-12 leading-[1.8rem]\">\n          <p>TP est un leader mondial du CX, offrant des solutions de service client, de support technique, de mod\u00e9ration de contenu et de transformation digitale \u00e0 certaines des plus grandes entreprises au monde. TP s\u2019appuie sur des technologies de pointe \u2013 automatisation intelligente, analyse de donn\u00e9es, IA \u2013 pour optimiser les processus, am\u00e9liorer la satisfaction client et soutenir la croissance de ses clients.<\/p>\n<p>En 2023, TP a finalis\u00e9 l\u2019acquisition de Majorel, un acteur majeur du secteur, pr\u00e9c\u00e9demment cot\u00e9 \u00e0 la Bourse d\u2019Amsterdam. Majorel \u00e9tait co-d\u00e9tenu \u00e0 parts \u00e9gales (39% chacun) par le groupe marocain Saham et le conglom\u00e9rat allemand Bertelsmann.<\/p>\n<p>Cette op\u00e9ration strat\u00e9gique a permis de renforcer significativement l\u2019envergure mondiale de TP (int\u00e9gration technologique de Majorel Infinity, synergies op\u00e9rationnelles et gains d&#8217;efficacit\u00e9, consolidation de la pr\u00e9sence dans certaines r\u00e9gions etc.).<\/p>\n<p>Le groupe compte d\u00e9sormais plus de 500 000 collaborateurs r\u00e9partis dans plus de 90 pays, avec un chiffre d\u2019affaires pro forma de plus de 10 milliards d\u2019euros en 2024.<\/p>\n<p>Cot\u00e9e sur Euronext Paris depuis 2007, TP compte d\u00e9sormais Saham parmi ses principaux actionnaires et membres du Conseil d\u2019Administration.<\/p>\n<p><a href=\"https:\/\/www.tp.com\/\" target=\"_blank\" rel=\"noopener\">www.tp.com<\/a><\/p>\n\n        <\/div>\n              <\/div>\n    <\/div>\n  <\/div>\n<\/section>\n","protected":false},"excerpt":{"rendered":"","protected":false},"author":2,"featured_media":0,"parent":675,"menu_order":0,"comment_status":"closed","ping_status":"closed","template":"","meta":{"_acf_changed":false,"footnotes":""},"class_list":["post-655","page","type-page","status-publish","hentry"],"acf":[],"_links":{"self":[{"href":"https:\/\/saham.com\/fr\/wp-json\/wp\/v2\/pages\/655","targetHints":{"allow":["GET"]}}],"collection":[{"href":"https:\/\/saham.com\/fr\/wp-json\/wp\/v2\/pages"}],"about":[{"href":"https:\/\/saham.com\/fr\/wp-json\/wp\/v2\/types\/page"}],"author":[{"embeddable":true,"href":"https:\/\/saham.com\/fr\/wp-json\/wp\/v2\/users\/2"}],"replies":[{"embeddable":true,"href":"https:\/\/saham.com\/fr\/wp-json\/wp\/v2\/comments?post=655"}],"version-history":[{"count":9,"href":"https:\/\/saham.com\/fr\/wp-json\/wp\/v2\/pages\/655\/revisions"}],"predecessor-version":[{"id":888,"href":"https:\/\/saham.com\/fr\/wp-json\/wp\/v2\/pages\/655\/revisions\/888"}],"up":[{"embeddable":true,"href":"https:\/\/saham.com\/fr\/wp-json\/wp\/v2\/pages\/675"}],"wp:attachment":[{"href":"https:\/\/saham.com\/fr\/wp-json\/wp\/v2\/media?parent=655"}],"curies":[{"name":"wp","href":"https:\/\/api.w.org\/{rel}","templated":true}]}}