{"id":653,"date":"2025-05-07T09:10:29","date_gmt":"2025-05-07T09:10:29","guid":{"rendered":"https:\/\/saham.com\/?page_id=653"},"modified":"2025-05-23T12:09:32","modified_gmt":"2025-05-23T12:09:32","slug":"agriculture","status":"publish","type":"page","link":"https:\/\/saham.com\/fr\/vue-d-ensemble\/agriculture\/","title":{"rendered":"Agriculture"},"content":{"rendered":"<section class=\"relative z-20\" style=\"background-color: transparent\" id=\"block_1c5947136d8f3c2ccaa0fbc7506f1786\">\n    <div class=\"relative\">\n    <div class=\"bg-cover bg-right md:bg-center flex flex-col justify-center items-center h-[65vh] md:h-[95vh] min-h-[500px] md:min-h-[740px]  w-full before:h-full before:w-full before:absolute before:inset-x-0 before:bg-gradient-to-b before:from-secondary-dark\/90 before:from-30% before:to-transparent before:transition-all before:duration-200 before:ease-in-out before:z-10 hero alignfull\" x-bind:class=\"isDropdownOpened ? 'before:opacity-100 before:visible before:top-0': 'before:opacity-0 before:invisible before:-top-1\/2'\" style=\"background-image: url(https:\/\/saham.com\/app\/uploads\/2025\/05\/HtHVd2osBAz2LoAePqjb.jpg); clip-path: ellipse(102% 57% at 41% 42%); background-color: transparent;\">\n          <\/div>\n  <\/div>\n      <div class=\"flex justify-center items-center w-[180px] h-[180px] relative -top-[90px] -mb-[90px] right-0 left-0 mx-auto bg-white p-[18px]\">\n      <img decoding=\"async\" src=\"https:\/\/saham.com\/app\/uploads\/2025\/05\/DFmE3710GXb99HEO3rrr.png\" class=\"\">\n    <\/div>\n<\/section>\n\n\n<section class=\"md:-mt-[260px] z-10 px-3 md:px-0\" style=\"background-color: transparent\" id=\"block_2ecf3326fba73ceffc303e6ea14c7030\">\n    <div class=\"flex md:flex-row flex-col gap-12\">\n    <div class=\"relative w-full md:w-1\/2 bg-hidden md:bg-cover bg-no-repeat bg-center flex md:flex-row flex-col gap-6 md:pt-[230px]\" style=\"background-image: url();\">\n      <img decoding=\"async\" src=\"\" class=\"md:hidden\">\n      \n    <\/div>\n    <div class=\" flex flex-col w-full md:w-1\/2 gap-[60px] px-3\">\n      <div class=\"md:pt-[230px]\">\n                <div class=\"wysiwyg-content text-16px mb-12 leading-[1.8rem]\">\n          \n        <\/div>\n              <\/div>\n    <\/div>\n  <\/div>\n<\/section>\n\n\n<section class=\"mb-[30px] md:mb-[70px]  md:-mt-[260px] z-10 px-3 md:px-0\" style=\"background-color: transparent\" id=\"block_c4d158c85c67e917a3dd9150bc23dceb\">\n    <div class=\"flex md:flex-row flex-col gap-12\">\n    <div class=\"relative w-full md:w-1\/2 bg-hidden md:bg-cover bg-no-repeat bg-center flex md:flex-row flex-col gap-6 md:pt-[230px]\" style=\"background-image: url(https:\/\/saham.com\/app\/uploads\/2025\/05\/SU2xUtM8JKMSeND4nVmt.jpg);\">\n      <img decoding=\"async\" src=\"https:\/\/saham.com\/app\/uploads\/2025\/05\/SU2xUtM8JKMSeND4nVmt.jpg\" class=\"md:hidden\">\n              <div class=\"md:absolute bg-primary-dark rounded-r-[20px] w-full max-w-[460px] text-white flex flex-col gap-6 px-[30px] py-[50px] md:-right-2.5\">\n                      <div class=\"flex items-center gap-6\">\n              <img decoding=\"async\" src=\"https:\/\/saham.com\/app\/uploads\/2025\/05\/education-icon.png\">\n              <div class=\"flex flex-col gap-1.5\">\n                <div class=\"text-18px leading-[1.2]\">Secteur<\/div>\n                <div class=\"font-medium text-21px leading-6\">Agriculture<\/div>\n              <\/div>\n            <\/div>\n                      <div class=\"flex items-center gap-6\">\n              <img decoding=\"async\" src=\"https:\/\/saham.com\/app\/uploads\/2025\/05\/location-icon.png\">\n              <div class=\"flex flex-col gap-1.5\">\n                <div class=\"text-18px leading-[1.2]\">Localisation<\/div>\n                <div class=\"font-medium text-21px leading-6\">Casablanca<\/div>\n              <\/div>\n            <\/div>\n                      <div class=\"flex items-center gap-6\">\n              <img decoding=\"async\" src=\"https:\/\/saham.com\/app\/uploads\/2025\/05\/invest-icon.png\">\n              <div class=\"flex flex-col gap-1.5\">\n                <div class=\"text-18px leading-[1.2]\">Ann\u00e9e d&#8217;investissement<\/div>\n                <div class=\"font-medium text-21px leading-6\">2013<\/div>\n              <\/div>\n            <\/div>\n                  <\/div>\n      \n    <\/div>\n    <div class=\" flex flex-col w-full md:w-1\/2 gap-[60px] px-3\">\n      <div class=\"md:pt-[230px]\">\n                  <div class=\"text-primary-dark text-23px font-semibold mb-[30px]\">\n            Medjool Star\n          <\/div>\n                <div class=\"wysiwyg-content text-16px mb-12 leading-[1.8rem]\">\n          <p>Medjool Star est un des plus grands producteurs et exportateurs de la datte Mejhoul au Maroc. Elle dispose d\u2019une ferme de 627 hectares, implant\u00e9e au Sud-Est du Maroc, \u00e0 Boudnib, le berceau d\u2019origine de la datte Mejhoul, op\u00e8re une unit\u00e9 de conditionnement de 5 hectares \u00e9quip\u00e9e des derni\u00e8res technologies et commercialise ce produit d\u2019exception \u00e0 la fois au Maroc et \u00e0 l\u2019\u00e9chelle internationale.<\/p>\n<p>Medjool Star est une entreprise pionni\u00e8re de l\u2019agriculture 2.0 et se veut le porte-\u00e9tendard du repositionnement de la datte Mejhoul marocaine aux devants de la sc\u00e8ne internationale. Gr\u00e2ce \u00e0 une approche bas\u00e9e sur la donn\u00e9e permettant une production optimis\u00e9e respectant \u00e0 la fois les techniques ancestrales du Mejhoul et une utilisation raisonn\u00e9e des ressources, Medjool Star se veut l\u2019initiateur d\u2019une forte dynamique d\u2019innovation et de modernisation de la production du Mejhoul marocain.<\/p>\n<p>Medjool Star commercialise ses produits sur 3 marques propres : \u00ab Medjool Star \u00bb, \u00ab Oum Tomoor \u00bb, \u00ab It\u2019s a Date \u00bb, et \u00ab Eden Jool \u00bb, et propose \u00e9galement des solutions de marque blanche pour ses partenaires importants.<\/p>\n<p>&nbsp;<\/p>\n<p><a href=\"https:\/\/www.medjoolstar.com\/\">www.medjoolstar.com<\/a><\/p>\n<p style=\"font-weight: 400;\">\n\n        <\/div>\n              <\/div>\n    <\/div>\n  <\/div>\n<\/section>\n","protected":false},"excerpt":{"rendered":"","protected":false},"author":2,"featured_media":0,"parent":675,"menu_order":0,"comment_status":"closed","ping_status":"closed","template":"","meta":{"_acf_changed":false,"footnotes":""},"class_list":["post-653","page","type-page","status-publish","hentry"],"acf":[],"_links":{"self":[{"href":"https:\/\/saham.com\/fr\/wp-json\/wp\/v2\/pages\/653","targetHints":{"allow":["GET"]}}],"collection":[{"href":"https:\/\/saham.com\/fr\/wp-json\/wp\/v2\/pages"}],"about":[{"href":"https:\/\/saham.com\/fr\/wp-json\/wp\/v2\/types\/page"}],"author":[{"embeddable":true,"href":"https:\/\/saham.com\/fr\/wp-json\/wp\/v2\/users\/2"}],"replies":[{"embeddable":true,"href":"https:\/\/saham.com\/fr\/wp-json\/wp\/v2\/comments?post=653"}],"version-history":[{"count":6,"href":"https:\/\/saham.com\/fr\/wp-json\/wp\/v2\/pages\/653\/revisions"}],"predecessor-version":[{"id":2441,"href":"https:\/\/saham.com\/fr\/wp-json\/wp\/v2\/pages\/653\/revisions\/2441"}],"up":[{"embeddable":true,"href":"https:\/\/saham.com\/fr\/wp-json\/wp\/v2\/pages\/675"}],"wp:attachment":[{"href":"https:\/\/saham.com\/fr\/wp-json\/wp\/v2\/media?parent=653"}],"curies":[{"name":"wp","href":"https:\/\/api.w.org\/{rel}","templated":true}]}}