{"id":2560,"date":"2026-02-19T14:04:12","date_gmt":"2026-02-19T14:04:12","guid":{"rendered":"https:\/\/saham.com\/?page_id=2560"},"modified":"2026-02-19T16:29:36","modified_gmt":"2026-02-19T16:29:36","slug":"arktikacapital","status":"publish","type":"page","link":"https:\/\/saham.com\/fr\/arktikacapital\/","title":{"rendered":"Services financiers &#8211; Arktika Capital"},"content":{"rendered":"<section class=\"relative z-20\" style=\"background-color: transparent\" id=\"block_31e336a580d4d9d334660465a8d02300\">\n    <div class=\"relative\">\n    <div class=\"bg-cover bg-right md:bg-center flex flex-col justify-center items-center h-[450px] md:h-[510px]  w-full before:h-full before:w-full before:absolute before:inset-x-0 before:bg-gradient-to-b before:from-secondary-dark\/90 before:from-30% before:to-transparent before:transition-all before:duration-200 before:ease-in-out before:z-10 hero alignfull\" x-bind:class=\"isDropdownOpened ? 'before:opacity-100 before:visible before:top-0': 'before:opacity-0 before:invisible before:-top-1\/2'\" style=\"background-image: url(https:\/\/saham.com\/app\/uploads\/2026\/02\/image-26-1.png); clip-path: ellipse(102% 57% at 41% 42%); background-color: transparent;\">\n          <\/div>\n  <\/div>\n      <div class=\"flex justify-center items-center w-[180px] h-[180px] relative -top-[90px] -mb-[90px] right-0 left-0 mx-auto bg-white p-[18px]\">\n      <img decoding=\"async\" src=\"https:\/\/saham.com\/app\/uploads\/2026\/02\/Logo-Arktika.png\" class=\"\">\n    <\/div>\n<\/section>\n\n\n<section class=\"md:-mt-[260px] z-10 px-3 md:px-0\" style=\"background-color: transparent\" id=\"block_85c83dadba1578e45c836677031224fc\">\n    <div class=\"flex md:flex-row flex-col gap-12\">\n    <div class=\"relative w-full md:w-1\/2 bg-hidden md:bg-cover bg-no-repeat bg-center flex md:flex-row flex-col gap-6 md:pt-[230px]\" style=\"background-image: url();\">\n      <img decoding=\"async\" src=\"\" class=\"md:hidden\">\n      \n    <\/div>\n    <div class=\" flex flex-col w-full md:w-1\/2 gap-[60px] px-3\">\n      <div class=\"md:pt-[230px]\">\n                <div class=\"wysiwyg-content text-16px mb-12 leading-[1.8rem]\">\n          \n        <\/div>\n              <\/div>\n    <\/div>\n  <\/div>\n<\/section>\n\n\n<section class=\"mb-[30px] md:mb-[70px]  md:-mt-[260px] z-10 px-3 md:px-0\" style=\"background-color: transparent\" id=\"block_9fc9483a431dda3a4970b9615a5eef7f\">\n    <div class=\"flex md:flex-row flex-col gap-12\">\n    <div class=\"relative w-full md:w-1\/2 bg-hidden md:bg-cover bg-no-repeat bg-center flex md:flex-row flex-col gap-6 md:pt-[230px]\" style=\"background-image: url();\">\n      <img decoding=\"async\" src=\"\" class=\"md:hidden\">\n              <div class=\"md:absolute bg-primary-dark rounded-r-[20px] w-full max-w-[460px] text-white flex flex-col gap-6 px-[30px] py-[50px] md:-right-2.5\">\n                      <div class=\"flex items-center gap-6\">\n              <img decoding=\"async\" src=\"https:\/\/saham.com\/app\/uploads\/2025\/05\/education-icon.png\">\n              <div class=\"flex flex-col gap-1.5\">\n                <div class=\"text-18px leading-[1.2]\">Secteur<\/div>\n                <div class=\"font-medium text-21px leading-6\">Services financiers<\/div>\n              <\/div>\n            <\/div>\n                      <div class=\"flex items-center gap-6\">\n              <img decoding=\"async\" src=\"https:\/\/saham.com\/app\/uploads\/2025\/05\/location-icon.png\">\n              <div class=\"flex flex-col gap-1.5\">\n                <div class=\"text-18px leading-[1.2]\">Localisation<\/div>\n                <div class=\"font-medium text-21px leading-6\">Stockholm<\/div>\n              <\/div>\n            <\/div>\n                      <div class=\"flex items-center gap-6\">\n              <img decoding=\"async\" src=\"https:\/\/saham.com\/app\/uploads\/2025\/05\/invest-icon.png\">\n              <div class=\"flex flex-col gap-1.5\">\n                <div class=\"text-18px leading-[1.2]\">Ann\u00e9e d\u2019investissement<\/div>\n                <div class=\"font-medium text-21px leading-6\">2025<\/div>\n              <\/div>\n            <\/div>\n                  <\/div>\n      \n    <\/div>\n    <div class=\" flex flex-col w-full md:w-1\/2 gap-[60px] px-3\">\n      <div class=\"md:pt-[230px]\">\n                  <div class=\"text-primary-dark text-23px font-semibold mb-[30px]\">\n            Arktika Capital \n          <\/div>\n                <div class=\"wysiwyg-content text-16px mb-12 leading-[1.8rem]\">\n          <p data-start=\"64\" data-end=\"234\">Arktika Capital est un \u00e9tablissement de cr\u00e9dit su\u00e9dois agr\u00e9\u00e9 sp\u00e9cialis\u00e9 dans l\u2019acquisition et la gestion de portefeuilles de cr\u00e9ances non performantes (NPL) \u00e0 travers l\u2019Europe.<\/p>\n<p data-start=\"241\" data-end=\"512\">Artika accompagne les institutions financi\u00e8res confront\u00e9es \u00e0 des exigences r\u00e9glementaires et de capital croissantes, en leur proposant des solutions structur\u00e9es et fond\u00e9es sur l\u2019analyse des donn\u00e9es.<\/p>\n<p data-start=\"241\" data-end=\"512\">Gr\u00e2ce \u00e0 un mod\u00e8le de financement r\u00e9gul\u00e9 bas\u00e9 sur les d\u00e9p\u00f4ts et \u00e0 une ma\u00eetrise compl\u00e8te de la cha\u00eene d\u2019ex\u00e9cution, Arktika permet un transfert de risque ma\u00eetris\u00e9 et un recouvrement conforme aux exigences r\u00e9glementaires.<\/p>\n<p><a href=\"https:\/\/www.arktika.se\/\">https:\/\/www.arktika.se\/<\/a><\/p>\n<p>&nbsp;<\/p>\n\n        <\/div>\n              <\/div>\n    <\/div>\n  <\/div>\n<\/section>\n\n\n\n<p><\/p>\n","protected":false},"excerpt":{"rendered":"","protected":false},"author":3,"featured_media":0,"parent":0,"menu_order":0,"comment_status":"closed","ping_status":"closed","template":"","meta":{"_acf_changed":false,"footnotes":""},"class_list":["post-2560","page","type-page","status-publish","hentry"],"acf":[],"_links":{"self":[{"href":"https:\/\/saham.com\/fr\/wp-json\/wp\/v2\/pages\/2560","targetHints":{"allow":["GET"]}}],"collection":[{"href":"https:\/\/saham.com\/fr\/wp-json\/wp\/v2\/pages"}],"about":[{"href":"https:\/\/saham.com\/fr\/wp-json\/wp\/v2\/types\/page"}],"author":[{"embeddable":true,"href":"https:\/\/saham.com\/fr\/wp-json\/wp\/v2\/users\/3"}],"replies":[{"embeddable":true,"href":"https:\/\/saham.com\/fr\/wp-json\/wp\/v2\/comments?post=2560"}],"version-history":[{"count":4,"href":"https:\/\/saham.com\/fr\/wp-json\/wp\/v2\/pages\/2560\/revisions"}],"predecessor-version":[{"id":2597,"href":"https:\/\/saham.com\/fr\/wp-json\/wp\/v2\/pages\/2560\/revisions\/2597"}],"wp:attachment":[{"href":"https:\/\/saham.com\/fr\/wp-json\/wp\/v2\/media?parent=2560"}],"curies":[{"name":"wp","href":"https:\/\/api.w.org\/{rel}","templated":true}]}}