{"id":522,"date":"2025-05-07T08:12:02","date_gmt":"2025-05-07T08:12:02","guid":{"rendered":"https:\/\/saham.com\/?page_id=522"},"modified":"2026-02-19T15:15:47","modified_gmt":"2026-02-19T15:15:47","slug":"sahambank","status":"publish","type":"page","link":"https:\/\/saham.com\/en\/overview\/sahambank\/","title":{"rendered":"Financial services &#8211; Saham Bank"},"content":{"rendered":"<section class=\"relative z-20\" style=\"background-color: transparent\" id=\"block_7d30fee2234cb788a09063a7cd688716\">\n    <div class=\"relative\">\n    <div class=\"bg-cover bg-right md:bg-center flex flex-col justify-center items-center h-[450px] md:h-[510px]  w-full before:h-full before:w-full before:absolute before:inset-x-0 before:bg-gradient-to-b before:from-secondary-dark\/90 before:from-30% before:to-transparent before:transition-all before:duration-200 before:ease-in-out before:z-10 hero alignfull\" x-bind:class=\"isDropdownOpened ? 'before:opacity-100 before:visible before:top-0': 'before:opacity-0 before:invisible before:-top-1\/2'\" style=\"background-image: url(https:\/\/saham.com\/app\/uploads\/2025\/04\/nToEHQhum5w0njc5OSoA.png); clip-path: ellipse(102% 57% at 41% 42%); background-color: transparent;\">\n          <\/div>\n  <\/div>\n      <div class=\"flex justify-center items-center w-[180px] h-[180px] relative -top-[90px] -mb-[90px] right-0 left-0 mx-auto bg-white p-[18px]\">\n      <img decoding=\"async\" src=\"https:\/\/saham.com\/app\/uploads\/2025\/06\/Logo-sahambank-2-1.png\" class=\"\">\n    <\/div>\n<\/section>\n\n\n<div id=\"block_f2e6de9c9a03d8f951db8d92faac6e35\" x-data=\"modalHandler\" @keydown.escape.window=\"closeModal\" class=\"relative modal-block\">\n  <!-- Modal -->\n  <div\n    id=\"\"\n    x-show=\"activeModal === ''\"\n    x-trap.noscroll=\"activeModal === ''\"\n    x-cloak\n    x-transition\n    class=\"fixed inset-0 bg-black\/60 flex items-center justify-center z-50\"\n    @click.self=\"closeModal\"\n  >\n    <div class=\"bg-white shadow-lg max-w-3xl w-full h-[500px] overflow-y-auto relative pt-12\">\n      <div class=\"p-8 flex gap-7\">\n                <div class=\"w-full md:w-7\/12\">\n          <h2 class=\"text-primary-dark text-23px leading-6 font-semibold mb-2.5\"><\/h2>\n          <h2 class=\"text-primary-dark mb-4\"><\/h2>\n          <div class=\"text-15px\">\n            \n          <\/div>\n        <\/div>\n\n      <\/div>\n      <button @click=\"closeModal\" class=\"absolute top-4 right-8\">\n        <svg xmlns=\"http:\/\/www.w3.org\/2000\/svg\" fill=\"none\" aria-hidden=\"true\" viewBox=\"0 0 24 24\" stroke-width=\"2\" stroke=\"currentColor\" class=\"size-6 text-black\">\n          <path stroke-linecap=\"round\" stroke-linejoin=\"round\" d=\"M6 18 18 6M6 6l12 12\" \/>\n        <\/svg>\n      <\/button>\n    <\/div>\n  <\/div>\n<\/div>\n\n\n\n<section class=\"md:-mt-[260px] z-10 px-3 md:px-0\" style=\"background-color: transparent\" id=\"block_9edfd8ea09a7a59884cfe88d28ee29be\">\n    <div class=\"flex md:flex-row flex-col gap-12\">\n    <div class=\"relative w-full md:w-1\/2 bg-hidden md:bg-cover bg-no-repeat bg-center flex md:flex-row flex-col gap-6 md:pt-[230px]\" style=\"background-image: url();\">\n      <img decoding=\"async\" src=\"\" class=\"md:hidden\">\n      \n    <\/div>\n    <div class=\" flex flex-col w-full md:w-1\/2 gap-[60px] px-3\">\n      <div class=\"md:pt-[230px]\">\n                <div class=\"wysiwyg-content text-16px mb-12 leading-[1.8rem]\">\n          \n        <\/div>\n              <\/div>\n    <\/div>\n  <\/div>\n<\/section>\n\n\n<section class=\"mb-[30px] md:mb-[70px]  md:-mt-[260px] z-10 px-3 md:px-0\" style=\"background-color: transparent\" id=\"block_ead005c8bdc5980c6d85cee5ab412144\">\n    <div class=\"flex md:flex-row flex-col gap-12\">\n    <div class=\"relative w-full md:w-1\/2 bg-hidden md:bg-cover bg-no-repeat bg-center flex md:flex-row flex-col gap-6 md:pt-[230px]\" style=\"background-image: url(https:\/\/saham.com\/app\/uploads\/2025\/06\/FD5.jpg);\">\n      <img decoding=\"async\" src=\"https:\/\/saham.com\/app\/uploads\/2025\/06\/FD5.jpg\" class=\"md:hidden\">\n              <div class=\"md:absolute bg-primary-dark rounded-r-[20px] w-full max-w-[460px] text-white flex flex-col gap-6 px-[30px] py-[50px] md:-right-2.5\">\n                      <div class=\"flex items-center gap-6\">\n              <img decoding=\"async\" src=\"https:\/\/saham.com\/app\/uploads\/2025\/05\/education-icon.png\">\n              <div class=\"flex flex-col gap-1.5\">\n                <div class=\"text-18px leading-[1.2]\">Sector<\/div>\n                <div class=\"font-medium text-21px leading-6\">Financial services<\/div>\n              <\/div>\n            <\/div>\n                      <div class=\"flex items-center gap-6\">\n              <img decoding=\"async\" src=\"https:\/\/saham.com\/app\/uploads\/2025\/05\/location-icon.png\">\n              <div class=\"flex flex-col gap-1.5\">\n                <div class=\"text-18px leading-[1.2]\">Location<\/div>\n                <div class=\"font-medium text-21px leading-6\">Casablanca<\/div>\n              <\/div>\n            <\/div>\n                      <div class=\"flex items-center gap-6\">\n              <img decoding=\"async\" src=\"https:\/\/saham.com\/app\/uploads\/2025\/05\/invest-icon.png\">\n              <div class=\"flex flex-col gap-1.5\">\n                <div class=\"text-18px leading-[1.2]\">Year of investment<\/div>\n                <div class=\"font-medium text-21px leading-6\">2024<\/div>\n              <\/div>\n            <\/div>\n                  <\/div>\n      \n    <\/div>\n    <div class=\" flex flex-col w-full md:w-1\/2 gap-[60px] px-3\">\n      <div class=\"md:pt-[230px]\">\n                  <div class=\"text-primary-dark text-23px font-semibold mb-[30px]\">\n            Saham Bank\n          <\/div>\n                <div class=\"wysiwyg-content text-16px mb-12 leading-[1.8rem]\">\n          <p style=\"font-weight: 400;\">Saham Bank has been a leading banking player in Morocco for over a century, offering a comprehensive range of financial services to individuals, businesses, and institutions. Formerly the Moroccan subsidiary of the Soci\u00e9t\u00e9 G\u00e9n\u00e9rale Group, Saham Bank has established itself as a key player in the national banking market, thanks to its diversified offerings and extensive branch network across the country.<\/p>\n<p style=\"font-weight: 400;\">In April 2024, the Soci\u00e9t\u00e9 G\u00e9n\u00e9rale Group announced the sale of its majority stake in SGMB to the Saham Group. This transaction, finalized in December 2024, enabled Saham to acquire 57.67% of SGMB. The rebranding, marking the transformation of SGMB into Saham Bank, officially came into effect on June 18, 2025.<\/p>\n<p style=\"font-weight: 400;\">Saham firmly believes that the bank and its subsidiaries, with their strategic positioning, financial strength, and highly skilled workforce, constitute a robust platform built on strong fundamentals. This solid foundation paves the way for the creation of a new Moroccan financial group and enhances Saham\u2019s ability to better support the Kingdom\u2019s economy.<\/p>\n<p><a href=\"https:\/\/www.sahambank.com\/\">https:\/\/www.sahambank.com\/<\/a><\/p>\n\n        <\/div>\n              <\/div>\n    <\/div>\n  <\/div>\n<\/section>\n","protected":false},"excerpt":{"rendered":"","protected":false},"author":2,"featured_media":0,"parent":448,"menu_order":0,"comment_status":"closed","ping_status":"closed","template":"","meta":{"_acf_changed":false,"footnotes":""},"class_list":["post-522","page","type-page","status-publish","hentry"],"acf":[],"_links":{"self":[{"href":"https:\/\/saham.com\/en\/wp-json\/wp\/v2\/pages\/522","targetHints":{"allow":["GET"]}}],"collection":[{"href":"https:\/\/saham.com\/en\/wp-json\/wp\/v2\/pages"}],"about":[{"href":"https:\/\/saham.com\/en\/wp-json\/wp\/v2\/types\/page"}],"author":[{"embeddable":true,"href":"https:\/\/saham.com\/en\/wp-json\/wp\/v2\/users\/2"}],"replies":[{"embeddable":true,"href":"https:\/\/saham.com\/en\/wp-json\/wp\/v2\/comments?post=522"}],"version-history":[{"count":11,"href":"https:\/\/saham.com\/en\/wp-json\/wp\/v2\/pages\/522\/revisions"}],"predecessor-version":[{"id":2585,"href":"https:\/\/saham.com\/en\/wp-json\/wp\/v2\/pages\/522\/revisions\/2585"}],"up":[{"embeddable":true,"href":"https:\/\/saham.com\/en\/wp-json\/wp\/v2\/pages\/448"}],"wp:attachment":[{"href":"https:\/\/saham.com\/en\/wp-json\/wp\/v2\/media?parent=522"}],"curies":[{"name":"wp","href":"https:\/\/api.w.org\/{rel}","templated":true}]}}