{"id":43,"date":"2025-04-19T23:57:31","date_gmt":"2025-04-19T23:57:31","guid":{"rendered":"https:\/\/saham.com\/who-we-are\/"},"modified":"2026-02-09T13:47:09","modified_gmt":"2026-02-09T13:47:09","slug":"who-we-are","status":"publish","type":"page","link":"https:\/\/saham.com\/en\/who-we-are\/","title":{"rendered":"Who are we ?"},"content":{"rendered":"<section class=\"mb-[30px] md:mb-[70px] relative z-20\" style=\"background-color: transparent\" id=\"block_d3729311f343162ba27a3378cb44e56b\">\n    <div class=\"relative\">\n    <div class=\"bg-cover bg-right md:bg-center flex flex-col justify-end pb-[80px] items-center h-[450px] md:h-[510px]  w-full before:h-full before:w-full before:absolute before:inset-x-0 before:bg-gradient-to-b before:from-secondary-dark\/90 before:from-30% before:to-transparent before:transition-all before:duration-200 before:ease-in-out before:z-10 hero alignfull\" x-bind:class=\"isDropdownOpened ? 'before:opacity-100 before:visible before:top-0': 'before:opacity-0 before:invisible before:-top-1\/2'\" style=\"background-image: url(https:\/\/saham.com\/app\/uploads\/2025\/04\/histoire-slider.jpg); clip-path: ellipse(102% 57% at 41% 42%); background-color: #1e73be;\">\n            <div class=\"container z-20\">\n        <div class=\"text-28px md:px-[8.333333%] mb-5 text-white text-32px font-medium\" style=\"text-align: start\"><h1>Who are we?<\/h1>\n<\/div>\n      <\/div>\n          <\/div>\n  <\/div>\n<\/section>\n\n\n<section class=\"mb-[30px] md:mb-[70px] container\" style=\"background-color: transparent\" id=\"block_1e8d032507a554b78545617dd5fb1d67\">\n    <div class=\"flex gap-[60px] md:flex-row flex-col\">\n    <div class=\"w-full md:w-5\/12\">\n      <img decoding=\"async\" src=\"https:\/\/saham.com\/app\/uploads\/2025\/04\/mhefid-alami.jpg\" class=\"rounded-[20px] rounded-br-[100px]\">\n    <\/div>\n    <div class=\" flex flex-col w-full md:w-6\/12 gap-[60px]\">\n      <div>\n                <div class=\"wysiwyg-content text-16px mb-4 leading-[1.8rem]\">\n          <p>Founded in 1995 by\u00a0<a href=\"#chairmanFounder\">Moulay Hafid ELALAMY<\/a>, Saham is a private investment company with a presence in Casablanca and Dubai. Marked by a strong entrepreneurial spirit, Saham initially focused on the insurance sector, eventually becoming a leader on the African continent. In 2018, Saham divested its insurance business to position itself as an international player in various sectors.<\/p>\n<p>Today, Saham has a portfolio of five companies. Saham has embraced a strong and visionary entrepreneurial approach, enabling diversification into high-potential sectors such as <a href=\"https:\/\/saham.com\/en\/overview\/sahambank\/\">financial services<\/a>, <a href=\"\/en\/overview\/customer-experience-bpo\/\">customer experience<\/a>,\u00a0<a href=\"\/en\/overview\/real-estate\/\">real estate<\/a>,\u00a0<a href=\"\/en\/overview\/education\/\">education<\/a>,\u00a0<a href=\"\/en\/overview\/agriculture\/\">agriculture<\/a>, pharmaceuticals, healthcare, and media. Additionally, carefully selected strategic partnerships have contributed to the success of Saham&#8217;s diversification strategy.<\/p>\n<p>Saham continues to explore new investment opportunities in different sectors with a singular focus: creating value and supporting companies in the long term.<\/p>\n\n        <\/div>\n      <\/div>\n              <div class=\"flex flex-col md:flex-row gap-6\">\n                      <a class=\" bg-primary-dark uppercase py-2 no-underline font-medium px-8 text-white rounded-[20px] text-16px w-full md:w-1\/2 text-center\" href=\"#our-dna\">Our DNA<\/a>\n                      <a class=\" bg-primary-dark uppercase py-2 no-underline font-medium px-8 text-white rounded-[20px] text-16px w-full md:w-1\/2 text-center\" href=\"#our-value\">Our Approach<\/a>\n                  <\/div>\n          <\/div>\n  <\/div>\n<\/section>\n\n\n\n\n<section class=\"mb-[30px] md:mb-[70px]\" style=\"background-color: transparent\" id=\"our-dna\">\n    <div class=\"flex flex-col bg-cover bg-center bg-no-repeat pt-[100px] pb-[60px]\" style=\"background-image: url(https:\/\/saham.com\/app\/uploads\/2025\/04\/dna-bg.png)\">\n    <div class=\"w-full px-[70px] lg:px-0\">\n      <div class=\"container\">\n                <div class=\"text-white font-semibold text-23px leading-[1.2] mb-[50px] text-center\">\n          <h2>Our DNA<\/h2>\n\n        <\/div>\n                          <div class=\"splide outer-arrows\" data-splide='{\n            \"autoplay\":true,\n            \"gap\" : \"1rem\",\n            \"perPage\": 4,\n            \"breakpoints\": {\n              \"640\": {\n                \"type\": \"loop\",\n                \"perPage\": 1\n              },\n              \"768\": {\n                \"type\": \"loop\",\n                \"perPage\": 2\n              },\n              \"1024\": {\n                \"type\": \"loop\",\n                \"perPage\": 3\n              }\n            }\n          }'>\n            <div class=\"splide__track\">\n              <div class=\"splide__list\">\n                                  <div class=\"splide__slide bg-white text-primary-dark text-15px md:text-16px rounded-[20px] p-[30px] font-normal leading-[1.8rem]\"><p>We have a multigenerational approach to guarantee a lasting vision, aiming for stability and sustainability.<\/p>\n<\/div>\n                                  <div class=\"splide__slide bg-white text-primary-dark text-15px md:text-16px rounded-[20px] p-[30px] font-normal leading-[1.8rem]\"><p>We embrace a dynamic entrepreneurial mindset, ensuring continuous adjustment to alterations, owing to deliberate and swift decision-making procedures.<\/p>\n<\/div>\n                                  <div class=\"splide__slide bg-white text-primary-dark text-15px md:text-16px rounded-[20px] p-[30px] font-normal leading-[1.8rem]\"><p>We owe our reputation to the fundamental values of integrity and transparency, which serve as the backbone for all our activities.<\/p>\n<\/div>\n                                  <div class=\"splide__slide bg-white text-primary-dark text-15px md:text-16px rounded-[20px] p-[30px] font-normal leading-[1.8rem]\"><p>We search for excellence across all areas of intervention, shaping the strategy, management, and adaptation of the actions implemented by the Group to its management.<\/p>\n<\/div>\n                              <\/div>\n            <\/div>\n          <\/div>\n              <\/div>\n    <\/div>\n  <\/div>\n<\/section>\n\n\n<section class=\"mb-[30px] md:mb-[70px]\" style=\"background-color: transparent\" id=\"our-value\">\n    <div class=\"flex flex-col bg-cover bg-center bg-no-repeat pt-[100px] pb-[60px]\" style=\"background-image: url(https:\/\/saham.com\/app\/uploads\/2025\/04\/ourvalue-bg.jpg)\">\n    <div class=\"w-full px-[70px] lg:px-0\">\n      <div class=\"container\">\n                <div class=\"text-white font-semibold text-23px leading-[1.2] mb-[50px] text-center\">\n          <h2 class=\"sec-title text-white\">Our value creation approach<\/h2>\n\n        <\/div>\n                          <div class=\"splide outer-arrows\" data-splide='{\n            \"autoplay\":true,\n            \"gap\" : \"1rem\",\n            \"perPage\": 4,\n            \"breakpoints\": {\n              \"640\": {\n                \"type\": \"loop\",\n                \"perPage\": 1\n              },\n              \"768\": {\n                \"type\": \"loop\",\n                \"perPage\": 2\n              },\n              \"1024\": {\n                \"type\": \"loop\",\n                \"perPage\": 3\n              }\n            }\n          }'>\n            <div class=\"splide__track\">\n              <div class=\"splide__list\">\n                                  <div class=\"splide__slide bg-white text-primary-dark text-15px md:text-16px rounded-[20px] p-[30px] font-normal leading-[1.8rem]\"><p>We identify sectors with significant potential and select companies using our origination capabilities and network of strategic partnerships.<\/p>\n<\/div>\n                                  <div class=\"splide__slide bg-white text-primary-dark text-15px md:text-16px rounded-[20px] p-[30px] font-normal leading-[1.8rem]\"><p>We support or establish an excellent managerial team to redefine the strategy and ensure seamless implementation across the organization.<\/p>\n<\/div>\n                                  <div class=\"splide__slide bg-white text-primary-dark text-15px md:text-16px rounded-[20px] p-[30px] font-normal leading-[1.8rem]\"><p>We function as active shareholders, advocating for robust governance and efficient capital allocation while also fostering key partnerships.<\/p>\n<\/div>\n                                  <div class=\"splide__slide bg-white text-primary-dark text-15px md:text-16px rounded-[20px] p-[30px] font-normal leading-[1.8rem]\"><p>We commit to our companies across adaptable investment timelines, tailored to meet market demands and seize opportunities for value creation.<\/p>\n<\/div>\n                              <\/div>\n            <\/div>\n          <\/div>\n              <\/div>\n    <\/div>\n  <\/div>\n<\/section>\n\n\n<div id=\"block_661bd14c88038c156e1d747f6dc7df6f\" x-data=\"modalHandler\" @keydown.escape.window=\"closeModal\" class=\"relative modal-block\">\n  <!-- Modal -->\n  <div\n    id=\"chairmanFounder\"\n    x-show=\"activeModal === 'chairmanFounder'\"\n    x-trap.noscroll=\"activeModal === 'chairmanFounder'\"\n    x-cloak\n    x-transition\n    class=\"fixed inset-0 bg-black\/60 flex items-center justify-center z-50\"\n    @click.self=\"closeModal\"\n  >\n    <div class=\"bg-white shadow-lg max-w-3xl w-full h-[500px] overflow-y-auto relative pt-12\">\n      <div class=\"p-8 flex gap-7\">\n                  <div class=\"hidden md:block w-4\/12 px-4\">\n            <img decoding=\"async\" src=\"https:\/\/saham.com\/app\/uploads\/2025\/04\/Mhe.png\" class=\"rounded-[20px]\">\n          <\/div>\n                <div class=\"w-full md:w-7\/12\">\n          <h2 class=\"text-primary-dark text-23px leading-6 font-semibold mb-2.5\">Moulay Hafid ELALAMY<\/h2>\n          <h2 class=\"text-primary-dark mb-4\">Moulay Hafid ELALAMY is a Moroccan politician and businessman, a former Minister of Industry, Trade, Green and Digital Economy, and the founder of the Saham Group. He is the Chairman of TP and SGMB.<\/h2>\n          <div class=\"text-15px\">\n            <p>He began his career in Canada in the insurance industry before becoming the Secretary-General of the ONA Group, now known as Al Mada, the leading Moroccan private industrial and financial group.<\/p>\n<p>In 1995, Moulay Hafid ELALAMY founded the Saham Group. Since then, he has established two major companies that are leaders in their sectors: Saham Assurance and Majorel, before diversifying into other key sectors with a strong social impact, such as education, real estate, agriculture, pharmaceuticals, and healthcare.<\/p>\n<p>From 2006 to 2009, Moulay Hafid ELALAMY served as the Chairman of the General Confederation of Moroccan Enterprises (CGEM), further solidifying his influence in the business landscape.<\/p>\n<p>From 2013 to 2021, he held the position of Minister of Industry, Trade, Digital Transformation, and Green Economy in Morocco, making him the longest-serving official in this role since 1955. During his tenure, 50 industrial ecosystems and 650,000 new jobs were created, and the industry\u2019s share in Morocco\u2019s GDP increased by nine points.<\/p>\n<p>In 2021, he returned to lead the Saham Group, aiming to further grow its businesses and explore new diversification opportunities.<\/p>\n<p>In 2024, Moulay Hafid ELALAMY was appointed Chairman of the Board of TP and SGMB (Soci\u00e9t\u00e9 G\u00e9n\u00e9rale Marocaine de Banques), today known as Saham Bank.<\/p>\n\n          <\/div>\n        <\/div>\n\n      <\/div>\n      <button @click=\"closeModal\" class=\"absolute top-4 right-8\">\n        <svg xmlns=\"http:\/\/www.w3.org\/2000\/svg\" fill=\"none\" aria-hidden=\"true\" viewBox=\"0 0 24 24\" stroke-width=\"2\" stroke=\"currentColor\" class=\"size-6 text-black\">\n          <path stroke-linecap=\"round\" stroke-linejoin=\"round\" d=\"M6 18 18 6M6 6l12 12\" \/>\n        <\/svg>\n      <\/button>\n    <\/div>\n  <\/div>\n<\/div>\n\n","protected":false},"excerpt":{"rendered":"","protected":false},"author":1,"featured_media":0,"parent":0,"menu_order":0,"comment_status":"closed","ping_status":"closed","template":"","meta":{"_acf_changed":false,"footnotes":""},"class_list":["post-43","page","type-page","status-publish","hentry"],"acf":[],"_links":{"self":[{"href":"https:\/\/saham.com\/en\/wp-json\/wp\/v2\/pages\/43","targetHints":{"allow":["GET"]}}],"collection":[{"href":"https:\/\/saham.com\/en\/wp-json\/wp\/v2\/pages"}],"about":[{"href":"https:\/\/saham.com\/en\/wp-json\/wp\/v2\/types\/page"}],"author":[{"embeddable":true,"href":"https:\/\/saham.com\/en\/wp-json\/wp\/v2\/users\/1"}],"replies":[{"embeddable":true,"href":"https:\/\/saham.com\/en\/wp-json\/wp\/v2\/comments?post=43"}],"version-history":[{"count":53,"href":"https:\/\/saham.com\/en\/wp-json\/wp\/v2\/pages\/43\/revisions"}],"predecessor-version":[{"id":2492,"href":"https:\/\/saham.com\/en\/wp-json\/wp\/v2\/pages\/43\/revisions\/2492"}],"wp:attachment":[{"href":"https:\/\/saham.com\/en\/wp-json\/wp\/v2\/media?parent=43"}],"curies":[{"name":"wp","href":"https:\/\/api.w.org\/{rel}","templated":true}]}}